{"id":1815,"date":"2021-06-02T08:49:25","date_gmt":"2021-06-02T06:49:25","guid":{"rendered":"https:\/\/pood.motorott.ee\/vana\/?post_type=product&#038;p=1815"},"modified":"2021-12-13T22:37:35","modified_gmt":"2021-12-13T20:37:35","slug":"mootorioli-motul-510-2t-technosynthese-1l","status":"publish","type":"product","link":"https:\/\/pood.motorott.ee\/vana\/product\/mootorioli-motul-510-2t-technosynthese-1l\/","title":{"rendered":"Mootori\u00f5li Motul 510 2T Technosynthese 1L"},"content":{"rendered":"<pre id=\"tw-target-text\" class=\"tw-data-text tw-text-large XcVN5d tw-ta\" dir=\"ltr\" data-placeholder=\"T\u00f5lge\">Mootori\u00f5li Technosynthese\u00ae. See toode on spetsiaalselt v\u00e4lja t\u00f6\u00f6tatud maantee-, krossi- ja maastikumootorrataste, mopeedide jne suure v\u00f5imsusega kahetaktiliste mootorite jaoks, mis t\u00f6\u00f6tavad k\u00f5rgetel p\u00f6\u00f6retel ja peavad vastama standardile API TC v\u00f5i ISO-L-EGD. Selle koostist on kulumiskindluse suurendamiseks tugevdatud spetsiaalse s\u00fcnteetilise baas\u00f5liga. See s\u00fcnteetiline baas\u00f5li annab ka v\u00e4ga head p\u00f5lemisomadused, minimeerides suitsemist ja sadestumist. Toote koostis v\u00f5imaldab kiiresti saada stabiilse segu bensiiniga. Sobib segu- v\u00f5i paiskm\u00e4\u00e4rimise jaoks ning mistahes t\u00fc\u00fcpi bensiini ja katal\u00fc\u00fcsneutralisaatori korral.<\/pre>\n","protected":false},"excerpt":{"rendered":"<p>Mootori\u00f5li Technosynthese\u00ae. See toode on spetsiaalselt v\u00e4lja t\u00f6\u00f6tatud maantee-, krossi- ja maastikumootorrataste, mopeedide jne suure v\u00f5imsusega kahetaktiliste mootorite jaoks, mis t\u00f6\u00f6tavad k\u00f5rgetel p\u00f6\u00f6retel ja peavad vastama standardile API TC v\u00f5i ISO-L-EGD. Selle koostist on kulumiskindluse suurendamiseks tugevdatud spetsiaalse s\u00fcnteetilise baas\u00f5liga. See s\u00fcnteetiline baas\u00f5li annab ka v\u00e4ga head p\u00f5lemisomadused, minimeerides suitsemist ja sadestumist. Toote koostis v\u00f5imaldab [&hellip;]<\/p>\n","protected":false},"featured_media":1816,"comment_status":"open","ping_status":"closed","template":"","meta":{"om_disable_all_campaigns":false,"_exactmetrics_skip_tracking":false,"_exactmetrics_sitenote_active":false,"_exactmetrics_sitenote_note":"","_exactmetrics_sitenote_category":0,"_uf_show_specific_survey":0,"_uf_disable_surveys":false},"product_cat":[160,158],"product_tag":[],"class_list":{"0":"post-1815","1":"product","2":"type-product","3":"status-publish","4":"has-post-thumbnail","6":"product_cat-2t-seguolid","7":"product_cat-olid-ja-keemia","9":"first","10":"outofstock","11":"taxable","12":"shipping-taxable","13":"purchasable","14":"product-type-simple"},"yoast_head":"<!-- This site is optimized with the Yoast SEO plugin v24.2 - https:\/\/yoast.com\/wordpress\/plugins\/seo\/ -->\n<title>Mootori\u00f5li Motul 510 2T Technosynthese 1L - Motorott<\/title>\n<meta name=\"description\" content=\"motul 5100 15w50 ester\" \/>\n<meta name=\"robots\" content=\"index, follow, max-snippet:-1, max-image-preview:large, max-video-preview:-1\" \/>\n<link rel=\"canonical\" href=\"https:\/\/pood.motorott.ee\/vana\/product\/mootorioli-motul-510-2t-technosynthese-1l\/\" \/>\n<meta property=\"og:locale\" content=\"et_EE\" \/>\n<meta property=\"og:type\" content=\"article\" \/>\n<meta property=\"og:title\" content=\"Mootori\u00f5li Motul 510 2T Technosynthese 1L - Motorott\" \/>\n<meta property=\"og:description\" content=\"motul 5100 15w50 ester\" \/>\n<meta property=\"og:url\" content=\"https:\/\/pood.motorott.ee\/vana\/product\/mootorioli-motul-510-2t-technosynthese-1l\/\" \/>\n<meta property=\"og:site_name\" content=\"Motorott\" \/>\n<meta property=\"article:modified_time\" content=\"2021-12-13T20:37:35+00:00\" \/>\n<meta property=\"og:image\" content=\"https:\/\/pood.motorott.ee\/vana\/wp-content\/uploads\/2021\/06\/motul-510-2t-technosynthese-1l.jpg\" \/>\n\t<meta property=\"og:image:width\" content=\"800\" \/>\n\t<meta property=\"og:image:height\" content=\"800\" \/>\n\t<meta property=\"og:image:type\" content=\"image\/jpeg\" \/>\n<meta name=\"twitter:card\" content=\"summary_large_image\" \/>\n<meta name=\"twitter:label1\" content=\"Est. reading time\" \/>\n\t<meta name=\"twitter:data1\" content=\"1 minut\" \/>\n<script type=\"application\/ld+json\" class=\"yoast-schema-graph\">{\"@context\":\"https:\/\/schema.org\",\"@graph\":[{\"@type\":\"WebPage\",\"@id\":\"https:\/\/pood.motorott.ee\/vana\/product\/mootorioli-motul-510-2t-technosynthese-1l\/\",\"url\":\"https:\/\/pood.motorott.ee\/vana\/product\/mootorioli-motul-510-2t-technosynthese-1l\/\",\"name\":\"Mootori\u00f5li Motul 510 2T Technosynthese 1L - Motorott\",\"isPartOf\":{\"@id\":\"https:\/\/pood.motorott.ee\/vana\/#website\"},\"primaryImageOfPage\":{\"@id\":\"https:\/\/pood.motorott.ee\/vana\/product\/mootorioli-motul-510-2t-technosynthese-1l\/#primaryimage\"},\"image\":{\"@id\":\"https:\/\/pood.motorott.ee\/vana\/product\/mootorioli-motul-510-2t-technosynthese-1l\/#primaryimage\"},\"thumbnailUrl\":\"https:\/\/pood.motorott.ee\/vana\/wp-content\/uploads\/2021\/06\/motul-510-2t-technosynthese-1l.jpg\",\"datePublished\":\"2021-06-02T06:49:25+00:00\",\"dateModified\":\"2021-12-13T20:37:35+00:00\",\"description\":\"motul 5100 15w50 ester\",\"breadcrumb\":{\"@id\":\"https:\/\/pood.motorott.ee\/vana\/product\/mootorioli-motul-510-2t-technosynthese-1l\/#breadcrumb\"},\"inLanguage\":\"et\",\"potentialAction\":[{\"@type\":\"ReadAction\",\"target\":[\"https:\/\/pood.motorott.ee\/vana\/product\/mootorioli-motul-510-2t-technosynthese-1l\/\"]}]},{\"@type\":\"ImageObject\",\"inLanguage\":\"et\",\"@id\":\"https:\/\/pood.motorott.ee\/vana\/product\/mootorioli-motul-510-2t-technosynthese-1l\/#primaryimage\",\"url\":\"https:\/\/pood.motorott.ee\/vana\/wp-content\/uploads\/2021\/06\/motul-510-2t-technosynthese-1l.jpg\",\"contentUrl\":\"https:\/\/pood.motorott.ee\/vana\/wp-content\/uploads\/2021\/06\/motul-510-2t-technosynthese-1l.jpg\",\"width\":800,\"height\":800},{\"@type\":\"BreadcrumbList\",\"@id\":\"https:\/\/pood.motorott.ee\/vana\/product\/mootorioli-motul-510-2t-technosynthese-1l\/#breadcrumb\",\"itemListElement\":[{\"@type\":\"ListItem\",\"position\":1,\"name\":\"Kodu\",\"item\":\"https:\/\/pood.motorott.ee\/vana\/\"},{\"@type\":\"ListItem\",\"position\":2,\"name\":\"Pood\",\"item\":\"https:\/\/pood.motorott.ee\/vana\/pood\/\"},{\"@type\":\"ListItem\",\"position\":3,\"name\":\"Mootori\u00f5li Motul 510 2T Technosynthese 1L\"}]},{\"@type\":\"WebSite\",\"@id\":\"https:\/\/pood.motorott.ee\/vana\/#website\",\"url\":\"https:\/\/pood.motorott.ee\/vana\/\",\"name\":\"Motorott\",\"description\":\"Mototehnika ja varustus\",\"publisher\":{\"@id\":\"https:\/\/pood.motorott.ee\/vana\/#organization\"},\"potentialAction\":[{\"@type\":\"SearchAction\",\"target\":{\"@type\":\"EntryPoint\",\"urlTemplate\":\"https:\/\/pood.motorott.ee\/vana\/?s={search_term_string}\"},\"query-input\":{\"@type\":\"PropertyValueSpecification\",\"valueRequired\":true,\"valueName\":\"search_term_string\"}}],\"inLanguage\":\"et\"},{\"@type\":\"Organization\",\"@id\":\"https:\/\/pood.motorott.ee\/vana\/#organization\",\"name\":\"Motorott\",\"url\":\"https:\/\/pood.motorott.ee\/vana\/\",\"logo\":{\"@type\":\"ImageObject\",\"inLanguage\":\"et\",\"@id\":\"https:\/\/pood.motorott.ee\/vana\/#\/schema\/logo\/image\/\",\"url\":\"https:\/\/pood.motorott.ee\/vana\/wp-content\/uploads\/2020\/12\/cropped-logo-80-1.png\",\"contentUrl\":\"https:\/\/pood.motorott.ee\/vana\/wp-content\/uploads\/2020\/12\/cropped-logo-80-1.png\",\"width\":172,\"height\":80,\"caption\":\"Motorott\"},\"image\":{\"@id\":\"https:\/\/pood.motorott.ee\/vana\/#\/schema\/logo\/image\/\"}}]}<\/script>\n<!-- \/ Yoast SEO plugin. -->","yoast_head_json":{"title":"Mootori\u00f5li Motul 510 2T Technosynthese 1L - Motorott","description":"motul 5100 15w50 ester","robots":{"index":"index","follow":"follow","max-snippet":"max-snippet:-1","max-image-preview":"max-image-preview:large","max-video-preview":"max-video-preview:-1"},"canonical":"https:\/\/pood.motorott.ee\/vana\/product\/mootorioli-motul-510-2t-technosynthese-1l\/","og_locale":"et_EE","og_type":"article","og_title":"Mootori\u00f5li Motul 510 2T Technosynthese 1L - Motorott","og_description":"motul 5100 15w50 ester","og_url":"https:\/\/pood.motorott.ee\/vana\/product\/mootorioli-motul-510-2t-technosynthese-1l\/","og_site_name":"Motorott","article_modified_time":"2021-12-13T20:37:35+00:00","og_image":[{"width":800,"height":800,"url":"https:\/\/pood.motorott.ee\/vana\/wp-content\/uploads\/2021\/06\/motul-510-2t-technosynthese-1l.jpg","type":"image\/jpeg"}],"twitter_card":"summary_large_image","twitter_misc":{"Est. reading time":"1 minut"},"schema":{"@context":"https:\/\/schema.org","@graph":[{"@type":"WebPage","@id":"https:\/\/pood.motorott.ee\/vana\/product\/mootorioli-motul-510-2t-technosynthese-1l\/","url":"https:\/\/pood.motorott.ee\/vana\/product\/mootorioli-motul-510-2t-technosynthese-1l\/","name":"Mootori\u00f5li Motul 510 2T Technosynthese 1L - Motorott","isPartOf":{"@id":"https:\/\/pood.motorott.ee\/vana\/#website"},"primaryImageOfPage":{"@id":"https:\/\/pood.motorott.ee\/vana\/product\/mootorioli-motul-510-2t-technosynthese-1l\/#primaryimage"},"image":{"@id":"https:\/\/pood.motorott.ee\/vana\/product\/mootorioli-motul-510-2t-technosynthese-1l\/#primaryimage"},"thumbnailUrl":"https:\/\/pood.motorott.ee\/vana\/wp-content\/uploads\/2021\/06\/motul-510-2t-technosynthese-1l.jpg","datePublished":"2021-06-02T06:49:25+00:00","dateModified":"2021-12-13T20:37:35+00:00","description":"motul 5100 15w50 ester","breadcrumb":{"@id":"https:\/\/pood.motorott.ee\/vana\/product\/mootorioli-motul-510-2t-technosynthese-1l\/#breadcrumb"},"inLanguage":"et","potentialAction":[{"@type":"ReadAction","target":["https:\/\/pood.motorott.ee\/vana\/product\/mootorioli-motul-510-2t-technosynthese-1l\/"]}]},{"@type":"ImageObject","inLanguage":"et","@id":"https:\/\/pood.motorott.ee\/vana\/product\/mootorioli-motul-510-2t-technosynthese-1l\/#primaryimage","url":"https:\/\/pood.motorott.ee\/vana\/wp-content\/uploads\/2021\/06\/motul-510-2t-technosynthese-1l.jpg","contentUrl":"https:\/\/pood.motorott.ee\/vana\/wp-content\/uploads\/2021\/06\/motul-510-2t-technosynthese-1l.jpg","width":800,"height":800},{"@type":"BreadcrumbList","@id":"https:\/\/pood.motorott.ee\/vana\/product\/mootorioli-motul-510-2t-technosynthese-1l\/#breadcrumb","itemListElement":[{"@type":"ListItem","position":1,"name":"Kodu","item":"https:\/\/pood.motorott.ee\/vana\/"},{"@type":"ListItem","position":2,"name":"Pood","item":"https:\/\/pood.motorott.ee\/vana\/pood\/"},{"@type":"ListItem","position":3,"name":"Mootori\u00f5li Motul 510 2T Technosynthese 1L"}]},{"@type":"WebSite","@id":"https:\/\/pood.motorott.ee\/vana\/#website","url":"https:\/\/pood.motorott.ee\/vana\/","name":"Motorott","description":"Mototehnika ja varustus","publisher":{"@id":"https:\/\/pood.motorott.ee\/vana\/#organization"},"potentialAction":[{"@type":"SearchAction","target":{"@type":"EntryPoint","urlTemplate":"https:\/\/pood.motorott.ee\/vana\/?s={search_term_string}"},"query-input":{"@type":"PropertyValueSpecification","valueRequired":true,"valueName":"search_term_string"}}],"inLanguage":"et"},{"@type":"Organization","@id":"https:\/\/pood.motorott.ee\/vana\/#organization","name":"Motorott","url":"https:\/\/pood.motorott.ee\/vana\/","logo":{"@type":"ImageObject","inLanguage":"et","@id":"https:\/\/pood.motorott.ee\/vana\/#\/schema\/logo\/image\/","url":"https:\/\/pood.motorott.ee\/vana\/wp-content\/uploads\/2020\/12\/cropped-logo-80-1.png","contentUrl":"https:\/\/pood.motorott.ee\/vana\/wp-content\/uploads\/2020\/12\/cropped-logo-80-1.png","width":172,"height":80,"caption":"Motorott"},"image":{"@id":"https:\/\/pood.motorott.ee\/vana\/#\/schema\/logo\/image\/"}}]}},"_links":{"self":[{"href":"https:\/\/pood.motorott.ee\/vana\/wp-json\/wp\/v2\/product\/1815","targetHints":{"allow":["GET"]}}],"collection":[{"href":"https:\/\/pood.motorott.ee\/vana\/wp-json\/wp\/v2\/product"}],"about":[{"href":"https:\/\/pood.motorott.ee\/vana\/wp-json\/wp\/v2\/types\/product"}],"replies":[{"embeddable":true,"href":"https:\/\/pood.motorott.ee\/vana\/wp-json\/wp\/v2\/comments?post=1815"}],"wp:featuredmedia":[{"embeddable":true,"href":"https:\/\/pood.motorott.ee\/vana\/wp-json\/wp\/v2\/media\/1816"}],"wp:attachment":[{"href":"https:\/\/pood.motorott.ee\/vana\/wp-json\/wp\/v2\/media?parent=1815"}],"wp:term":[{"taxonomy":"product_cat","embeddable":true,"href":"https:\/\/pood.motorott.ee\/vana\/wp-json\/wp\/v2\/product_cat?post=1815"},{"taxonomy":"product_tag","embeddable":true,"href":"https:\/\/pood.motorott.ee\/vana\/wp-json\/wp\/v2\/product_tag?post=1815"}],"curies":[{"name":"wp","href":"https:\/\/api.w.org\/{rel}","templated":true}]}}