{"id":1940,"date":"2022-01-25T11:50:07","date_gmt":"2022-01-25T09:50:07","guid":{"rendered":"https:\/\/pood.motorott.ee\/vana\/?post_type=product&#038;p=1940"},"modified":"2024-12-04T11:23:24","modified_gmt":"2024-12-04T09:23:24","slug":"vorri-mootor-50cm%c2%b3-koos-jalgrattale-paigaldus-komplektiga","status":"publish","type":"product","link":"https:\/\/pood.motorott.ee\/vana\/product\/vorri-mootor-50cm%c2%b3-koos-jalgrattale-paigaldus-komplektiga\/","title":{"rendered":"V\u00f5rri mootor 50CM\u00b3 koos jalgrattale paigaldus komplektiga"},"content":{"rendered":"<div class=\"tab-header\"><strong>Tootekirjeldus<\/strong><\/div>\n<div class=\"desc-text\">\n<p>&nbsp;<\/p>\n<p>Hoiatus! Seda mootorit ei tohi segada\u00a0<strong>muruniiduki v\u00f5i trimmeri \u00f5liga<\/strong> !<\/p>\n<p>\u00d5ige segu\u00f5li leiate <span style=\"text-decoration: underline; color: #ff0000;\"><strong><a style=\"color: #ff0000; text-decoration: underline;\" title=\"2tSegu\u00f5li\" href=\"https:\/\/pood.motorott.ee\/vana\/product-category\/olid-ja-keemia\/2t-seguolid\/\">Siit<\/a><\/strong><\/span><\/p>\n<p>Komplekt sobib enamiku 24 \u201dv\u00f5i 26\u201d horisontaalse \u00fclemise toru raamidega. K\u00f5ige lihtsam on mootorit paigaldada \u00fcmmargustest torudest valmistatud raamidele.<\/p>\n<p><strong>Tehnilised andmed:<\/strong><\/p>\n<ul>\n<li>Mahutavus: 50cc<\/li>\n<li>Mootori t\u00fc\u00fcp: \u00fche silindriga, kahetaktiline, \u00f5hkjahutusega<\/li>\n<li>Silindri l\u00e4bim\u00f5\u00f5t: 39mm<\/li>\n<li>Kolvi k\u00e4ik: 40mm<\/li>\n<li>V\u00f5imsus: 2,5kW kiirusel 5000 p \/ min<\/li>\n<li>Maksimaalne v\u00f5imsus: 3,50 kW 6000 p \/ min<\/li>\n<li>S\u00fc\u00fcde: elektrooniline kontaktivaba CDI<\/li>\n<li>Tihendussuhe: 6,0: 1<\/li>\n<li>S\u00fc\u00fctek\u00fc\u00fcnal: Z4C 14mm<\/li>\n<\/ul>\n<p><strong>Segu:<\/strong><\/p>\n<ul>\n<li>1:20 sisses\u00f5idu perioodil<\/li>\n<li>1:30 p\u00e4rast 500 km l\u00e4bis\u00f5itu<\/li>\n<\/ul>\n<\/div>\n<p>&nbsp;<\/p>\n<p>&nbsp;<\/p>\n<p><iframe loading=\"lazy\" src=\"\/\/www.youtube.com\/embed\/XDruEHpE7dw?feature=emb_logo\" width=\"560\" height=\"314\" allowfullscreen=\"allowfullscreen\"><\/iframe><\/p>\n","protected":false},"excerpt":{"rendered":"<p>Tootekirjeldus &nbsp; Hoiatus! Seda mootorit ei tohi segada\u00a0muruniiduki v\u00f5i trimmeri \u00f5liga ! \u00d5ige segu\u00f5li leiate Siit Komplekt sobib enamiku 24 \u201dv\u00f5i 26\u201d horisontaalse \u00fclemise toru raamidega. K\u00f5ige lihtsam on mootorit paigaldada \u00fcmmargustest torudest valmistatud raamidele. Tehnilised andmed: Mahutavus: 50cc Mootori t\u00fc\u00fcp: \u00fche silindriga, kahetaktiline, \u00f5hkjahutusega Silindri l\u00e4bim\u00f5\u00f5t: 39mm Kolvi k\u00e4ik: 40mm V\u00f5imsus: 2,5kW kiirusel 5000 [&hellip;]<\/p>\n","protected":false},"featured_media":1321,"comment_status":"open","ping_status":"closed","template":"","meta":{"om_disable_all_campaigns":false,"_exactmetrics_skip_tracking":false,"_exactmetrics_sitenote_active":false,"_exactmetrics_sitenote_note":"","_exactmetrics_sitenote_category":0,"_uf_show_specific_survey":0,"_uf_disable_surveys":false},"product_cat":[319],"product_tag":[],"class_list":{"0":"post-1940","1":"product","2":"type-product","3":"status-publish","4":"has-post-thumbnail","6":"product_cat-vorrimootor","8":"first","9":"onbackorder","10":"taxable","11":"shipping-taxable","12":"purchasable","13":"product-type-simple"},"yoast_head":"<!-- This site is optimized with the Yoast SEO plugin v24.2 - https:\/\/yoast.com\/wordpress\/plugins\/seo\/ -->\n<title>V\u00f5rri mootor 50CM\u00b3 koos jalgrattale paigaldus komplektiga - Motorott<\/title>\n<meta name=\"robots\" content=\"index, follow, max-snippet:-1, max-image-preview:large, max-video-preview:-1\" \/>\n<link rel=\"canonical\" href=\"https:\/\/pood.motorott.ee\/vana\/product\/vorri-mootor-50cm\u00b3-koos-jalgrattale-paigaldus-komplektiga\/\" \/>\n<meta property=\"og:locale\" content=\"et_EE\" \/>\n<meta property=\"og:type\" content=\"article\" \/>\n<meta property=\"og:title\" content=\"V\u00f5rri mootor 50CM\u00b3 koos jalgrattale paigaldus komplektiga - Motorott\" \/>\n<meta property=\"og:description\" content=\"Tootekirjeldus &nbsp; Hoiatus! Seda mootorit ei tohi segada\u00a0muruniiduki v\u00f5i trimmeri \u00f5liga ! \u00d5ige segu\u00f5li leiate Siit Komplekt sobib enamiku 24 \u201dv\u00f5i 26\u201d horisontaalse \u00fclemise toru raamidega. K\u00f5ige lihtsam on mootorit paigaldada \u00fcmmargustest torudest valmistatud raamidele. Tehnilised andmed: Mahutavus: 50cc Mootori t\u00fc\u00fcp: \u00fche silindriga, kahetaktiline, \u00f5hkjahutusega Silindri l\u00e4bim\u00f5\u00f5t: 39mm Kolvi k\u00e4ik: 40mm V\u00f5imsus: 2,5kW kiirusel 5000 [&hellip;]\" \/>\n<meta property=\"og:url\" content=\"https:\/\/pood.motorott.ee\/vana\/product\/vorri-mootor-50cm\u00b3-koos-jalgrattale-paigaldus-komplektiga\/\" \/>\n<meta property=\"og:site_name\" content=\"Motorott\" \/>\n<meta property=\"article:modified_time\" content=\"2024-12-04T09:23:24+00:00\" \/>\n<meta property=\"og:image\" content=\"https:\/\/pood.motorott.ee\/vana\/wp-content\/uploads\/2021\/02\/1.jpg\" \/>\n\t<meta property=\"og:image:width\" content=\"500\" \/>\n\t<meta property=\"og:image:height\" content=\"404\" \/>\n\t<meta property=\"og:image:type\" content=\"image\/jpeg\" \/>\n<meta name=\"twitter:card\" content=\"summary_large_image\" \/>\n<meta name=\"twitter:label1\" content=\"Est. reading time\" \/>\n\t<meta name=\"twitter:data1\" content=\"1 minut\" \/>\n<script type=\"application\/ld+json\" class=\"yoast-schema-graph\">{\"@context\":\"https:\/\/schema.org\",\"@graph\":[{\"@type\":\"WebPage\",\"@id\":\"https:\/\/pood.motorott.ee\/vana\/product\/vorri-mootor-50cm%c2%b3-koos-jalgrattale-paigaldus-komplektiga\/\",\"url\":\"https:\/\/pood.motorott.ee\/vana\/product\/vorri-mootor-50cm%c2%b3-koos-jalgrattale-paigaldus-komplektiga\/\",\"name\":\"V\u00f5rri mootor 50CM\u00b3 koos jalgrattale paigaldus komplektiga - Motorott\",\"isPartOf\":{\"@id\":\"https:\/\/pood.motorott.ee\/vana\/#website\"},\"primaryImageOfPage\":{\"@id\":\"https:\/\/pood.motorott.ee\/vana\/product\/vorri-mootor-50cm%c2%b3-koos-jalgrattale-paigaldus-komplektiga\/#primaryimage\"},\"image\":{\"@id\":\"https:\/\/pood.motorott.ee\/vana\/product\/vorri-mootor-50cm%c2%b3-koos-jalgrattale-paigaldus-komplektiga\/#primaryimage\"},\"thumbnailUrl\":\"https:\/\/pood.motorott.ee\/vana\/wp-content\/uploads\/2021\/02\/1.jpg\",\"datePublished\":\"2022-01-25T09:50:07+00:00\",\"dateModified\":\"2024-12-04T09:23:24+00:00\",\"breadcrumb\":{\"@id\":\"https:\/\/pood.motorott.ee\/vana\/product\/vorri-mootor-50cm%c2%b3-koos-jalgrattale-paigaldus-komplektiga\/#breadcrumb\"},\"inLanguage\":\"et\",\"potentialAction\":[{\"@type\":\"ReadAction\",\"target\":[\"https:\/\/pood.motorott.ee\/vana\/product\/vorri-mootor-50cm%c2%b3-koos-jalgrattale-paigaldus-komplektiga\/\"]}]},{\"@type\":\"ImageObject\",\"inLanguage\":\"et\",\"@id\":\"https:\/\/pood.motorott.ee\/vana\/product\/vorri-mootor-50cm%c2%b3-koos-jalgrattale-paigaldus-komplektiga\/#primaryimage\",\"url\":\"https:\/\/pood.motorott.ee\/vana\/wp-content\/uploads\/2021\/02\/1.jpg\",\"contentUrl\":\"https:\/\/pood.motorott.ee\/vana\/wp-content\/uploads\/2021\/02\/1.jpg\",\"width\":500,\"height\":404},{\"@type\":\"BreadcrumbList\",\"@id\":\"https:\/\/pood.motorott.ee\/vana\/product\/vorri-mootor-50cm%c2%b3-koos-jalgrattale-paigaldus-komplektiga\/#breadcrumb\",\"itemListElement\":[{\"@type\":\"ListItem\",\"position\":1,\"name\":\"Kodu\",\"item\":\"https:\/\/pood.motorott.ee\/vana\/\"},{\"@type\":\"ListItem\",\"position\":2,\"name\":\"Pood\",\"item\":\"https:\/\/pood.motorott.ee\/vana\/pood\/\"},{\"@type\":\"ListItem\",\"position\":3,\"name\":\"V\u00f5rri mootor 50CM\u00b3 koos jalgrattale paigaldus komplektiga\"}]},{\"@type\":\"WebSite\",\"@id\":\"https:\/\/pood.motorott.ee\/vana\/#website\",\"url\":\"https:\/\/pood.motorott.ee\/vana\/\",\"name\":\"Motorott\",\"description\":\"Mototehnika ja varustus\",\"publisher\":{\"@id\":\"https:\/\/pood.motorott.ee\/vana\/#organization\"},\"potentialAction\":[{\"@type\":\"SearchAction\",\"target\":{\"@type\":\"EntryPoint\",\"urlTemplate\":\"https:\/\/pood.motorott.ee\/vana\/?s={search_term_string}\"},\"query-input\":{\"@type\":\"PropertyValueSpecification\",\"valueRequired\":true,\"valueName\":\"search_term_string\"}}],\"inLanguage\":\"et\"},{\"@type\":\"Organization\",\"@id\":\"https:\/\/pood.motorott.ee\/vana\/#organization\",\"name\":\"Motorott\",\"url\":\"https:\/\/pood.motorott.ee\/vana\/\",\"logo\":{\"@type\":\"ImageObject\",\"inLanguage\":\"et\",\"@id\":\"https:\/\/pood.motorott.ee\/vana\/#\/schema\/logo\/image\/\",\"url\":\"https:\/\/pood.motorott.ee\/vana\/wp-content\/uploads\/2020\/12\/cropped-logo-80-1.png\",\"contentUrl\":\"https:\/\/pood.motorott.ee\/vana\/wp-content\/uploads\/2020\/12\/cropped-logo-80-1.png\",\"width\":172,\"height\":80,\"caption\":\"Motorott\"},\"image\":{\"@id\":\"https:\/\/pood.motorott.ee\/vana\/#\/schema\/logo\/image\/\"}}]}<\/script>\n<!-- \/ Yoast SEO plugin. -->","yoast_head_json":{"title":"V\u00f5rri mootor 50CM\u00b3 koos jalgrattale paigaldus komplektiga - Motorott","robots":{"index":"index","follow":"follow","max-snippet":"max-snippet:-1","max-image-preview":"max-image-preview:large","max-video-preview":"max-video-preview:-1"},"canonical":"https:\/\/pood.motorott.ee\/vana\/product\/vorri-mootor-50cm\u00b3-koos-jalgrattale-paigaldus-komplektiga\/","og_locale":"et_EE","og_type":"article","og_title":"V\u00f5rri mootor 50CM\u00b3 koos jalgrattale paigaldus komplektiga - Motorott","og_description":"Tootekirjeldus &nbsp; Hoiatus! Seda mootorit ei tohi segada\u00a0muruniiduki v\u00f5i trimmeri \u00f5liga ! \u00d5ige segu\u00f5li leiate Siit Komplekt sobib enamiku 24 \u201dv\u00f5i 26\u201d horisontaalse \u00fclemise toru raamidega. K\u00f5ige lihtsam on mootorit paigaldada \u00fcmmargustest torudest valmistatud raamidele. Tehnilised andmed: Mahutavus: 50cc Mootori t\u00fc\u00fcp: \u00fche silindriga, kahetaktiline, \u00f5hkjahutusega Silindri l\u00e4bim\u00f5\u00f5t: 39mm Kolvi k\u00e4ik: 40mm V\u00f5imsus: 2,5kW kiirusel 5000 [&hellip;]","og_url":"https:\/\/pood.motorott.ee\/vana\/product\/vorri-mootor-50cm\u00b3-koos-jalgrattale-paigaldus-komplektiga\/","og_site_name":"Motorott","article_modified_time":"2024-12-04T09:23:24+00:00","og_image":[{"width":500,"height":404,"url":"https:\/\/pood.motorott.ee\/vana\/wp-content\/uploads\/2021\/02\/1.jpg","type":"image\/jpeg"}],"twitter_card":"summary_large_image","twitter_misc":{"Est. reading time":"1 minut"},"schema":{"@context":"https:\/\/schema.org","@graph":[{"@type":"WebPage","@id":"https:\/\/pood.motorott.ee\/vana\/product\/vorri-mootor-50cm%c2%b3-koos-jalgrattale-paigaldus-komplektiga\/","url":"https:\/\/pood.motorott.ee\/vana\/product\/vorri-mootor-50cm%c2%b3-koos-jalgrattale-paigaldus-komplektiga\/","name":"V\u00f5rri mootor 50CM\u00b3 koos jalgrattale paigaldus komplektiga - Motorott","isPartOf":{"@id":"https:\/\/pood.motorott.ee\/vana\/#website"},"primaryImageOfPage":{"@id":"https:\/\/pood.motorott.ee\/vana\/product\/vorri-mootor-50cm%c2%b3-koos-jalgrattale-paigaldus-komplektiga\/#primaryimage"},"image":{"@id":"https:\/\/pood.motorott.ee\/vana\/product\/vorri-mootor-50cm%c2%b3-koos-jalgrattale-paigaldus-komplektiga\/#primaryimage"},"thumbnailUrl":"https:\/\/pood.motorott.ee\/vana\/wp-content\/uploads\/2021\/02\/1.jpg","datePublished":"2022-01-25T09:50:07+00:00","dateModified":"2024-12-04T09:23:24+00:00","breadcrumb":{"@id":"https:\/\/pood.motorott.ee\/vana\/product\/vorri-mootor-50cm%c2%b3-koos-jalgrattale-paigaldus-komplektiga\/#breadcrumb"},"inLanguage":"et","potentialAction":[{"@type":"ReadAction","target":["https:\/\/pood.motorott.ee\/vana\/product\/vorri-mootor-50cm%c2%b3-koos-jalgrattale-paigaldus-komplektiga\/"]}]},{"@type":"ImageObject","inLanguage":"et","@id":"https:\/\/pood.motorott.ee\/vana\/product\/vorri-mootor-50cm%c2%b3-koos-jalgrattale-paigaldus-komplektiga\/#primaryimage","url":"https:\/\/pood.motorott.ee\/vana\/wp-content\/uploads\/2021\/02\/1.jpg","contentUrl":"https:\/\/pood.motorott.ee\/vana\/wp-content\/uploads\/2021\/02\/1.jpg","width":500,"height":404},{"@type":"BreadcrumbList","@id":"https:\/\/pood.motorott.ee\/vana\/product\/vorri-mootor-50cm%c2%b3-koos-jalgrattale-paigaldus-komplektiga\/#breadcrumb","itemListElement":[{"@type":"ListItem","position":1,"name":"Kodu","item":"https:\/\/pood.motorott.ee\/vana\/"},{"@type":"ListItem","position":2,"name":"Pood","item":"https:\/\/pood.motorott.ee\/vana\/pood\/"},{"@type":"ListItem","position":3,"name":"V\u00f5rri mootor 50CM\u00b3 koos jalgrattale paigaldus komplektiga"}]},{"@type":"WebSite","@id":"https:\/\/pood.motorott.ee\/vana\/#website","url":"https:\/\/pood.motorott.ee\/vana\/","name":"Motorott","description":"Mototehnika ja varustus","publisher":{"@id":"https:\/\/pood.motorott.ee\/vana\/#organization"},"potentialAction":[{"@type":"SearchAction","target":{"@type":"EntryPoint","urlTemplate":"https:\/\/pood.motorott.ee\/vana\/?s={search_term_string}"},"query-input":{"@type":"PropertyValueSpecification","valueRequired":true,"valueName":"search_term_string"}}],"inLanguage":"et"},{"@type":"Organization","@id":"https:\/\/pood.motorott.ee\/vana\/#organization","name":"Motorott","url":"https:\/\/pood.motorott.ee\/vana\/","logo":{"@type":"ImageObject","inLanguage":"et","@id":"https:\/\/pood.motorott.ee\/vana\/#\/schema\/logo\/image\/","url":"https:\/\/pood.motorott.ee\/vana\/wp-content\/uploads\/2020\/12\/cropped-logo-80-1.png","contentUrl":"https:\/\/pood.motorott.ee\/vana\/wp-content\/uploads\/2020\/12\/cropped-logo-80-1.png","width":172,"height":80,"caption":"Motorott"},"image":{"@id":"https:\/\/pood.motorott.ee\/vana\/#\/schema\/logo\/image\/"}}]}},"_links":{"self":[{"href":"https:\/\/pood.motorott.ee\/vana\/wp-json\/wp\/v2\/product\/1940","targetHints":{"allow":["GET"]}}],"collection":[{"href":"https:\/\/pood.motorott.ee\/vana\/wp-json\/wp\/v2\/product"}],"about":[{"href":"https:\/\/pood.motorott.ee\/vana\/wp-json\/wp\/v2\/types\/product"}],"replies":[{"embeddable":true,"href":"https:\/\/pood.motorott.ee\/vana\/wp-json\/wp\/v2\/comments?post=1940"}],"wp:featuredmedia":[{"embeddable":true,"href":"https:\/\/pood.motorott.ee\/vana\/wp-json\/wp\/v2\/media\/1321"}],"wp:attachment":[{"href":"https:\/\/pood.motorott.ee\/vana\/wp-json\/wp\/v2\/media?parent=1940"}],"wp:term":[{"taxonomy":"product_cat","embeddable":true,"href":"https:\/\/pood.motorott.ee\/vana\/wp-json\/wp\/v2\/product_cat?post=1940"},{"taxonomy":"product_tag","embeddable":true,"href":"https:\/\/pood.motorott.ee\/vana\/wp-json\/wp\/v2\/product_tag?post=1940"}],"curies":[{"name":"wp","href":"https:\/\/api.w.org\/{rel}","templated":true}]}}