{"id":2070,"date":"2022-05-31T07:53:26","date_gmt":"2022-05-31T05:53:26","guid":{"rendered":"https:\/\/pood.motorott.ee\/vana\/?post_type=product&#038;p=2070"},"modified":"2024-09-18T07:55:28","modified_gmt":"2024-09-18T05:55:28","slug":"mootor-125cm%c2%b3-152fmh-4t","status":"publish","type":"product","link":"https:\/\/pood.motorott.ee\/vana\/product\/mootor-125cm%c2%b3-152fmh-4t\/","title":{"rendered":"Mootor 125CM\u00b3 154FMH 4T"},"content":{"rendered":"<p>Manuaal k\u00e4ikudega mootor mis sobib enamus hiina mopeedidele 50ccm mootori asemele.<\/p>\n<p>&nbsp;<\/p>\n<div class=\"product-details-1-opis\"><strong>Komplektis:<\/strong><\/div>\n<div class=\"product-details-1-opis\">\n<ul>\n<li>Hammasratta kate,<\/li>\n<li>K\u00e4iguvahetushoob,<\/li>\n<li>K\u00e4imal\u00f6\u00f6misv\u00e4nt,<\/li>\n<li>Sisselaskekollektor.<\/li>\n<\/ul>\n<\/div>\n","protected":false},"excerpt":{"rendered":"<p>Manuaal k\u00e4ikudega mootor mis sobib enamus hiina mopeedidele 50ccm mootori asemele. &nbsp; Komplektis: Hammasratta kate, K\u00e4iguvahetushoob, K\u00e4imal\u00f6\u00f6misv\u00e4nt, Sisselaskekollektor.<\/p>\n","protected":false},"featured_media":2518,"comment_status":"open","ping_status":"closed","template":"","meta":{"om_disable_all_campaigns":false,"_exactmetrics_skip_tracking":false,"_exactmetrics_sitenote_active":false,"_exactmetrics_sitenote_note":"","_exactmetrics_sitenote_category":0,"_uf_show_specific_survey":0,"_uf_disable_surveys":false},"product_cat":[61,62,57],"product_tag":[],"class_list":{"0":"post-2070","1":"product","2":"type-product","3":"status-publish","4":"has-post-thumbnail","6":"product_cat-mootor-mopeed","7":"product_cat-mootorid-mootor-mopeed","8":"product_cat-mopeed","10":"first","11":"onbackorder","12":"sale","13":"taxable","14":"shipping-taxable","15":"purchasable","16":"product-type-simple"},"yoast_head":"<!-- This site is optimized with the Yoast SEO plugin v24.2 - https:\/\/yoast.com\/wordpress\/plugins\/seo\/ -->\n<title>Mootor 125CM\u00b3 154FMH 4T - Motorott<\/title>\n<meta name=\"robots\" content=\"index, follow, max-snippet:-1, max-image-preview:large, max-video-preview:-1\" \/>\n<link rel=\"canonical\" href=\"https:\/\/pood.motorott.ee\/vana\/product\/mootor-125cm\u00b3-152fmh-4t\/\" \/>\n<meta property=\"og:locale\" content=\"et_EE\" \/>\n<meta property=\"og:type\" content=\"article\" \/>\n<meta property=\"og:title\" content=\"Mootor 125CM\u00b3 154FMH 4T - Motorott\" \/>\n<meta property=\"og:description\" content=\"Manuaal k\u00e4ikudega mootor mis sobib enamus hiina mopeedidele 50ccm mootori asemele. &nbsp; Komplektis: Hammasratta kate, K\u00e4iguvahetushoob, K\u00e4imal\u00f6\u00f6misv\u00e4nt, Sisselaskekollektor.\" \/>\n<meta property=\"og:url\" content=\"https:\/\/pood.motorott.ee\/vana\/product\/mootor-125cm\u00b3-152fmh-4t\/\" \/>\n<meta property=\"og:site_name\" content=\"Motorott\" \/>\n<meta property=\"article:modified_time\" content=\"2024-09-18T05:55:28+00:00\" \/>\n<meta property=\"og:image\" content=\"https:\/\/pood.motorott.ee\/vana\/wp-content\/uploads\/2022\/05\/phpThumb_generated_thumbnail.jpg\" \/>\n\t<meta property=\"og:image:width\" content=\"500\" \/>\n\t<meta property=\"og:image:height\" content=\"444\" \/>\n\t<meta property=\"og:image:type\" content=\"image\/jpeg\" \/>\n<meta name=\"twitter:card\" content=\"summary_large_image\" \/>\n<meta name=\"twitter:label1\" content=\"Est. reading time\" \/>\n\t<meta name=\"twitter:data1\" content=\"1 minut\" \/>\n<script type=\"application\/ld+json\" class=\"yoast-schema-graph\">{\"@context\":\"https:\/\/schema.org\",\"@graph\":[{\"@type\":\"WebPage\",\"@id\":\"https:\/\/pood.motorott.ee\/vana\/product\/mootor-125cm%c2%b3-152fmh-4t\/\",\"url\":\"https:\/\/pood.motorott.ee\/vana\/product\/mootor-125cm%c2%b3-152fmh-4t\/\",\"name\":\"Mootor 125CM\u00b3 154FMH 4T - Motorott\",\"isPartOf\":{\"@id\":\"https:\/\/pood.motorott.ee\/vana\/#website\"},\"primaryImageOfPage\":{\"@id\":\"https:\/\/pood.motorott.ee\/vana\/product\/mootor-125cm%c2%b3-152fmh-4t\/#primaryimage\"},\"image\":{\"@id\":\"https:\/\/pood.motorott.ee\/vana\/product\/mootor-125cm%c2%b3-152fmh-4t\/#primaryimage\"},\"thumbnailUrl\":\"https:\/\/pood.motorott.ee\/vana\/wp-content\/uploads\/2022\/05\/phpThumb_generated_thumbnail.jpg\",\"datePublished\":\"2022-05-31T05:53:26+00:00\",\"dateModified\":\"2024-09-18T05:55:28+00:00\",\"breadcrumb\":{\"@id\":\"https:\/\/pood.motorott.ee\/vana\/product\/mootor-125cm%c2%b3-152fmh-4t\/#breadcrumb\"},\"inLanguage\":\"et\",\"potentialAction\":[{\"@type\":\"ReadAction\",\"target\":[\"https:\/\/pood.motorott.ee\/vana\/product\/mootor-125cm%c2%b3-152fmh-4t\/\"]}]},{\"@type\":\"ImageObject\",\"inLanguage\":\"et\",\"@id\":\"https:\/\/pood.motorott.ee\/vana\/product\/mootor-125cm%c2%b3-152fmh-4t\/#primaryimage\",\"url\":\"https:\/\/pood.motorott.ee\/vana\/wp-content\/uploads\/2022\/05\/phpThumb_generated_thumbnail.jpg\",\"contentUrl\":\"https:\/\/pood.motorott.ee\/vana\/wp-content\/uploads\/2022\/05\/phpThumb_generated_thumbnail.jpg\",\"width\":500,\"height\":444},{\"@type\":\"BreadcrumbList\",\"@id\":\"https:\/\/pood.motorott.ee\/vana\/product\/mootor-125cm%c2%b3-152fmh-4t\/#breadcrumb\",\"itemListElement\":[{\"@type\":\"ListItem\",\"position\":1,\"name\":\"Kodu\",\"item\":\"https:\/\/pood.motorott.ee\/vana\/\"},{\"@type\":\"ListItem\",\"position\":2,\"name\":\"Pood\",\"item\":\"https:\/\/pood.motorott.ee\/vana\/pood\/\"},{\"@type\":\"ListItem\",\"position\":3,\"name\":\"Mootor 125CM\u00b3 154FMH 4T\"}]},{\"@type\":\"WebSite\",\"@id\":\"https:\/\/pood.motorott.ee\/vana\/#website\",\"url\":\"https:\/\/pood.motorott.ee\/vana\/\",\"name\":\"Motorott\",\"description\":\"Mototehnika ja varustus\",\"publisher\":{\"@id\":\"https:\/\/pood.motorott.ee\/vana\/#organization\"},\"potentialAction\":[{\"@type\":\"SearchAction\",\"target\":{\"@type\":\"EntryPoint\",\"urlTemplate\":\"https:\/\/pood.motorott.ee\/vana\/?s={search_term_string}\"},\"query-input\":{\"@type\":\"PropertyValueSpecification\",\"valueRequired\":true,\"valueName\":\"search_term_string\"}}],\"inLanguage\":\"et\"},{\"@type\":\"Organization\",\"@id\":\"https:\/\/pood.motorott.ee\/vana\/#organization\",\"name\":\"Motorott\",\"url\":\"https:\/\/pood.motorott.ee\/vana\/\",\"logo\":{\"@type\":\"ImageObject\",\"inLanguage\":\"et\",\"@id\":\"https:\/\/pood.motorott.ee\/vana\/#\/schema\/logo\/image\/\",\"url\":\"https:\/\/pood.motorott.ee\/vana\/wp-content\/uploads\/2020\/12\/cropped-logo-80-1.png\",\"contentUrl\":\"https:\/\/pood.motorott.ee\/vana\/wp-content\/uploads\/2020\/12\/cropped-logo-80-1.png\",\"width\":172,\"height\":80,\"caption\":\"Motorott\"},\"image\":{\"@id\":\"https:\/\/pood.motorott.ee\/vana\/#\/schema\/logo\/image\/\"}}]}<\/script>\n<!-- \/ Yoast SEO plugin. -->","yoast_head_json":{"title":"Mootor 125CM\u00b3 154FMH 4T - Motorott","robots":{"index":"index","follow":"follow","max-snippet":"max-snippet:-1","max-image-preview":"max-image-preview:large","max-video-preview":"max-video-preview:-1"},"canonical":"https:\/\/pood.motorott.ee\/vana\/product\/mootor-125cm\u00b3-152fmh-4t\/","og_locale":"et_EE","og_type":"article","og_title":"Mootor 125CM\u00b3 154FMH 4T - Motorott","og_description":"Manuaal k\u00e4ikudega mootor mis sobib enamus hiina mopeedidele 50ccm mootori asemele. &nbsp; Komplektis: Hammasratta kate, K\u00e4iguvahetushoob, K\u00e4imal\u00f6\u00f6misv\u00e4nt, Sisselaskekollektor.","og_url":"https:\/\/pood.motorott.ee\/vana\/product\/mootor-125cm\u00b3-152fmh-4t\/","og_site_name":"Motorott","article_modified_time":"2024-09-18T05:55:28+00:00","og_image":[{"width":500,"height":444,"url":"https:\/\/pood.motorott.ee\/vana\/wp-content\/uploads\/2022\/05\/phpThumb_generated_thumbnail.jpg","type":"image\/jpeg"}],"twitter_card":"summary_large_image","twitter_misc":{"Est. reading time":"1 minut"},"schema":{"@context":"https:\/\/schema.org","@graph":[{"@type":"WebPage","@id":"https:\/\/pood.motorott.ee\/vana\/product\/mootor-125cm%c2%b3-152fmh-4t\/","url":"https:\/\/pood.motorott.ee\/vana\/product\/mootor-125cm%c2%b3-152fmh-4t\/","name":"Mootor 125CM\u00b3 154FMH 4T - Motorott","isPartOf":{"@id":"https:\/\/pood.motorott.ee\/vana\/#website"},"primaryImageOfPage":{"@id":"https:\/\/pood.motorott.ee\/vana\/product\/mootor-125cm%c2%b3-152fmh-4t\/#primaryimage"},"image":{"@id":"https:\/\/pood.motorott.ee\/vana\/product\/mootor-125cm%c2%b3-152fmh-4t\/#primaryimage"},"thumbnailUrl":"https:\/\/pood.motorott.ee\/vana\/wp-content\/uploads\/2022\/05\/phpThumb_generated_thumbnail.jpg","datePublished":"2022-05-31T05:53:26+00:00","dateModified":"2024-09-18T05:55:28+00:00","breadcrumb":{"@id":"https:\/\/pood.motorott.ee\/vana\/product\/mootor-125cm%c2%b3-152fmh-4t\/#breadcrumb"},"inLanguage":"et","potentialAction":[{"@type":"ReadAction","target":["https:\/\/pood.motorott.ee\/vana\/product\/mootor-125cm%c2%b3-152fmh-4t\/"]}]},{"@type":"ImageObject","inLanguage":"et","@id":"https:\/\/pood.motorott.ee\/vana\/product\/mootor-125cm%c2%b3-152fmh-4t\/#primaryimage","url":"https:\/\/pood.motorott.ee\/vana\/wp-content\/uploads\/2022\/05\/phpThumb_generated_thumbnail.jpg","contentUrl":"https:\/\/pood.motorott.ee\/vana\/wp-content\/uploads\/2022\/05\/phpThumb_generated_thumbnail.jpg","width":500,"height":444},{"@type":"BreadcrumbList","@id":"https:\/\/pood.motorott.ee\/vana\/product\/mootor-125cm%c2%b3-152fmh-4t\/#breadcrumb","itemListElement":[{"@type":"ListItem","position":1,"name":"Kodu","item":"https:\/\/pood.motorott.ee\/vana\/"},{"@type":"ListItem","position":2,"name":"Pood","item":"https:\/\/pood.motorott.ee\/vana\/pood\/"},{"@type":"ListItem","position":3,"name":"Mootor 125CM\u00b3 154FMH 4T"}]},{"@type":"WebSite","@id":"https:\/\/pood.motorott.ee\/vana\/#website","url":"https:\/\/pood.motorott.ee\/vana\/","name":"Motorott","description":"Mototehnika ja varustus","publisher":{"@id":"https:\/\/pood.motorott.ee\/vana\/#organization"},"potentialAction":[{"@type":"SearchAction","target":{"@type":"EntryPoint","urlTemplate":"https:\/\/pood.motorott.ee\/vana\/?s={search_term_string}"},"query-input":{"@type":"PropertyValueSpecification","valueRequired":true,"valueName":"search_term_string"}}],"inLanguage":"et"},{"@type":"Organization","@id":"https:\/\/pood.motorott.ee\/vana\/#organization","name":"Motorott","url":"https:\/\/pood.motorott.ee\/vana\/","logo":{"@type":"ImageObject","inLanguage":"et","@id":"https:\/\/pood.motorott.ee\/vana\/#\/schema\/logo\/image\/","url":"https:\/\/pood.motorott.ee\/vana\/wp-content\/uploads\/2020\/12\/cropped-logo-80-1.png","contentUrl":"https:\/\/pood.motorott.ee\/vana\/wp-content\/uploads\/2020\/12\/cropped-logo-80-1.png","width":172,"height":80,"caption":"Motorott"},"image":{"@id":"https:\/\/pood.motorott.ee\/vana\/#\/schema\/logo\/image\/"}}]}},"_links":{"self":[{"href":"https:\/\/pood.motorott.ee\/vana\/wp-json\/wp\/v2\/product\/2070","targetHints":{"allow":["GET"]}}],"collection":[{"href":"https:\/\/pood.motorott.ee\/vana\/wp-json\/wp\/v2\/product"}],"about":[{"href":"https:\/\/pood.motorott.ee\/vana\/wp-json\/wp\/v2\/types\/product"}],"replies":[{"embeddable":true,"href":"https:\/\/pood.motorott.ee\/vana\/wp-json\/wp\/v2\/comments?post=2070"}],"wp:featuredmedia":[{"embeddable":true,"href":"https:\/\/pood.motorott.ee\/vana\/wp-json\/wp\/v2\/media\/2518"}],"wp:attachment":[{"href":"https:\/\/pood.motorott.ee\/vana\/wp-json\/wp\/v2\/media?parent=2070"}],"wp:term":[{"taxonomy":"product_cat","embeddable":true,"href":"https:\/\/pood.motorott.ee\/vana\/wp-json\/wp\/v2\/product_cat?post=2070"},{"taxonomy":"product_tag","embeddable":true,"href":"https:\/\/pood.motorott.ee\/vana\/wp-json\/wp\/v2\/product_tag?post=2070"}],"curies":[{"name":"wp","href":"https:\/\/api.w.org\/{rel}","templated":true}]}}