{"id":2807,"date":"2024-06-11T10:14:09","date_gmt":"2024-06-11T08:14:09","guid":{"rendered":"https:\/\/pood.motorott.ee\/vana\/?post_type=product&#038;p=2807"},"modified":"2024-06-11T10:47:54","modified_gmt":"2024-06-11T08:47:54","slug":"hiina-vorri-mootori-laagrite-vahetus","status":"publish","type":"product","link":"https:\/\/pood.motorott.ee\/vana\/product\/hiina-vorri-mootori-laagrite-vahetus\/","title":{"rendered":"Hiina V\u00f5rri mootori laagrite vahetus"},"content":{"rendered":"<p>Teostame v\u00e4ntv\u00f5lli laagrite vahetust hiina v\u00f5rri mootoritele 50cc ja 80cc. Vahetame odavad hiina laagrid korralike C3 kiirp\u00f6\u00f6rde laagrite vastu, mis tagavad mootori parema t\u00f6\u00f6 ja annavad juurde ka l\u00f5ppkiirust.<\/p>\n<p>Teenuse tellimiseks lisage see toode ostukorvi ja vormistage ost, siis saatke mootor meile (\u00fcksk\u00f5ik millisesse j\u00f5geva pakiautomaati v\u00f5i kulleriga meie poe aadressile) Kontaktandmed saate <span style=\"text-decoration: underline; color: #ff0000;\"><strong><a style=\"color: #ff0000; text-decoration: underline;\" title=\"kontakt\" href=\"https:\/\/pood.motorott.ee\/vana\/kontakt\/\">Siit<\/a><\/strong><\/span><\/p>\n<p>T\u00f6\u00f6 teostame 1-2 t\u00f6\u00f6p\u00e4eva jooksul ja saadame mootori teile sobivasse pakiautomaati v\u00f5i aadressile.<\/p>\n<p>Teenus sisaldab.<\/p>\n<p>C3 kiirp\u00f6\u00f6rde laagreid ja nende paigaldust.<\/p>\n<p>Uusi mootori tihendeid.<\/p>\n<p>&nbsp;<\/p>\n<p><strong>NB: Palume saata puhastatud mootor, vastasel juhul lisandub mootori puhastus teenus 15\u20ac<\/strong><\/p>\n","protected":false},"excerpt":{"rendered":"<p>Teostame v\u00e4ntv\u00f5lli laagrite vahetust hiina v\u00f5rri mootoritele 50cc ja 80cc. Vahetame odavad hiina laagrid korralike C3 kiirp\u00f6\u00f6rde laagrite vastu, mis tagavad mootori parema t\u00f6\u00f6 ja annavad juurde ka l\u00f5ppkiirust. Teenuse tellimiseks lisage see toode ostukorvi ja vormistage ost, siis saatke mootor meile (\u00fcksk\u00f5ik millisesse j\u00f5geva pakiautomaati v\u00f5i kulleriga meie poe aadressile) Kontaktandmed saate Siit T\u00f6\u00f6 [&hellip;]<\/p>\n","protected":false},"featured_media":2808,"comment_status":"open","ping_status":"closed","template":"","meta":{"om_disable_all_campaigns":false,"_exactmetrics_skip_tracking":false,"_exactmetrics_sitenote_active":false,"_exactmetrics_sitenote_note":"","_exactmetrics_sitenote_category":0,"_uf_show_specific_survey":0,"_uf_disable_surveys":false},"product_cat":[319],"product_tag":[],"class_list":{"0":"post-2807","1":"product","2":"type-product","3":"status-publish","4":"has-post-thumbnail","6":"product_cat-vorrimootor","8":"first","9":"instock","10":"taxable","11":"shipping-taxable","12":"purchasable","13":"product-type-simple"},"yoast_head":"<!-- This site is optimized with the Yoast SEO plugin v24.2 - https:\/\/yoast.com\/wordpress\/plugins\/seo\/ -->\n<title>Hiina V\u00f5rri mootori laagrite vahetus - Motorott<\/title>\n<meta name=\"robots\" content=\"index, follow, max-snippet:-1, max-image-preview:large, max-video-preview:-1\" \/>\n<link rel=\"canonical\" href=\"https:\/\/pood.motorott.ee\/vana\/product\/hiina-vorri-mootori-laagrite-vahetus\/\" \/>\n<meta property=\"og:locale\" content=\"et_EE\" \/>\n<meta property=\"og:type\" content=\"article\" \/>\n<meta property=\"og:title\" content=\"Hiina V\u00f5rri mootori laagrite vahetus - Motorott\" \/>\n<meta property=\"og:description\" content=\"Teostame v\u00e4ntv\u00f5lli laagrite vahetust hiina v\u00f5rri mootoritele 50cc ja 80cc. Vahetame odavad hiina laagrid korralike C3 kiirp\u00f6\u00f6rde laagrite vastu, mis tagavad mootori parema t\u00f6\u00f6 ja annavad juurde ka l\u00f5ppkiirust. Teenuse tellimiseks lisage see toode ostukorvi ja vormistage ost, siis saatke mootor meile (\u00fcksk\u00f5ik millisesse j\u00f5geva pakiautomaati v\u00f5i kulleriga meie poe aadressile) Kontaktandmed saate Siit T\u00f6\u00f6 [&hellip;]\" \/>\n<meta property=\"og:url\" content=\"https:\/\/pood.motorott.ee\/vana\/product\/hiina-vorri-mootori-laagrite-vahetus\/\" \/>\n<meta property=\"og:site_name\" content=\"Motorott\" \/>\n<meta property=\"article:modified_time\" content=\"2024-06-11T08:47:54+00:00\" \/>\n<meta property=\"og:image\" content=\"https:\/\/pood.motorott.ee\/vana\/wp-content\/uploads\/2024\/06\/ENGJL-BT-CCB__01241.jpg\" \/>\n\t<meta property=\"og:image:width\" content=\"1280\" \/>\n\t<meta property=\"og:image:height\" content=\"854\" \/>\n\t<meta property=\"og:image:type\" content=\"image\/jpeg\" \/>\n<meta name=\"twitter:card\" content=\"summary_large_image\" \/>\n<meta name=\"twitter:label1\" content=\"Est. reading time\" \/>\n\t<meta name=\"twitter:data1\" content=\"1 minut\" \/>\n<script type=\"application\/ld+json\" class=\"yoast-schema-graph\">{\"@context\":\"https:\/\/schema.org\",\"@graph\":[{\"@type\":\"WebPage\",\"@id\":\"https:\/\/pood.motorott.ee\/vana\/product\/hiina-vorri-mootori-laagrite-vahetus\/\",\"url\":\"https:\/\/pood.motorott.ee\/vana\/product\/hiina-vorri-mootori-laagrite-vahetus\/\",\"name\":\"Hiina V\u00f5rri mootori laagrite vahetus - Motorott\",\"isPartOf\":{\"@id\":\"https:\/\/pood.motorott.ee\/vana\/#website\"},\"primaryImageOfPage\":{\"@id\":\"https:\/\/pood.motorott.ee\/vana\/product\/hiina-vorri-mootori-laagrite-vahetus\/#primaryimage\"},\"image\":{\"@id\":\"https:\/\/pood.motorott.ee\/vana\/product\/hiina-vorri-mootori-laagrite-vahetus\/#primaryimage\"},\"thumbnailUrl\":\"https:\/\/pood.motorott.ee\/vana\/wp-content\/uploads\/2024\/06\/ENGJL-BT-CCB__01241.jpg\",\"datePublished\":\"2024-06-11T08:14:09+00:00\",\"dateModified\":\"2024-06-11T08:47:54+00:00\",\"breadcrumb\":{\"@id\":\"https:\/\/pood.motorott.ee\/vana\/product\/hiina-vorri-mootori-laagrite-vahetus\/#breadcrumb\"},\"inLanguage\":\"et\",\"potentialAction\":[{\"@type\":\"ReadAction\",\"target\":[\"https:\/\/pood.motorott.ee\/vana\/product\/hiina-vorri-mootori-laagrite-vahetus\/\"]}]},{\"@type\":\"ImageObject\",\"inLanguage\":\"et\",\"@id\":\"https:\/\/pood.motorott.ee\/vana\/product\/hiina-vorri-mootori-laagrite-vahetus\/#primaryimage\",\"url\":\"https:\/\/pood.motorott.ee\/vana\/wp-content\/uploads\/2024\/06\/ENGJL-BT-CCB__01241.jpg\",\"contentUrl\":\"https:\/\/pood.motorott.ee\/vana\/wp-content\/uploads\/2024\/06\/ENGJL-BT-CCB__01241.jpg\",\"width\":1280,\"height\":854},{\"@type\":\"BreadcrumbList\",\"@id\":\"https:\/\/pood.motorott.ee\/vana\/product\/hiina-vorri-mootori-laagrite-vahetus\/#breadcrumb\",\"itemListElement\":[{\"@type\":\"ListItem\",\"position\":1,\"name\":\"Kodu\",\"item\":\"https:\/\/pood.motorott.ee\/vana\/\"},{\"@type\":\"ListItem\",\"position\":2,\"name\":\"Pood\",\"item\":\"https:\/\/pood.motorott.ee\/vana\/pood\/\"},{\"@type\":\"ListItem\",\"position\":3,\"name\":\"Hiina V\u00f5rri mootori laagrite vahetus\"}]},{\"@type\":\"WebSite\",\"@id\":\"https:\/\/pood.motorott.ee\/vana\/#website\",\"url\":\"https:\/\/pood.motorott.ee\/vana\/\",\"name\":\"Motorott\",\"description\":\"Mototehnika ja varustus\",\"publisher\":{\"@id\":\"https:\/\/pood.motorott.ee\/vana\/#organization\"},\"potentialAction\":[{\"@type\":\"SearchAction\",\"target\":{\"@type\":\"EntryPoint\",\"urlTemplate\":\"https:\/\/pood.motorott.ee\/vana\/?s={search_term_string}\"},\"query-input\":{\"@type\":\"PropertyValueSpecification\",\"valueRequired\":true,\"valueName\":\"search_term_string\"}}],\"inLanguage\":\"et\"},{\"@type\":\"Organization\",\"@id\":\"https:\/\/pood.motorott.ee\/vana\/#organization\",\"name\":\"Motorott\",\"url\":\"https:\/\/pood.motorott.ee\/vana\/\",\"logo\":{\"@type\":\"ImageObject\",\"inLanguage\":\"et\",\"@id\":\"https:\/\/pood.motorott.ee\/vana\/#\/schema\/logo\/image\/\",\"url\":\"https:\/\/pood.motorott.ee\/vana\/wp-content\/uploads\/2020\/12\/cropped-logo-80-1.png\",\"contentUrl\":\"https:\/\/pood.motorott.ee\/vana\/wp-content\/uploads\/2020\/12\/cropped-logo-80-1.png\",\"width\":172,\"height\":80,\"caption\":\"Motorott\"},\"image\":{\"@id\":\"https:\/\/pood.motorott.ee\/vana\/#\/schema\/logo\/image\/\"}}]}<\/script>\n<!-- \/ Yoast SEO plugin. -->","yoast_head_json":{"title":"Hiina V\u00f5rri mootori laagrite vahetus - Motorott","robots":{"index":"index","follow":"follow","max-snippet":"max-snippet:-1","max-image-preview":"max-image-preview:large","max-video-preview":"max-video-preview:-1"},"canonical":"https:\/\/pood.motorott.ee\/vana\/product\/hiina-vorri-mootori-laagrite-vahetus\/","og_locale":"et_EE","og_type":"article","og_title":"Hiina V\u00f5rri mootori laagrite vahetus - Motorott","og_description":"Teostame v\u00e4ntv\u00f5lli laagrite vahetust hiina v\u00f5rri mootoritele 50cc ja 80cc. Vahetame odavad hiina laagrid korralike C3 kiirp\u00f6\u00f6rde laagrite vastu, mis tagavad mootori parema t\u00f6\u00f6 ja annavad juurde ka l\u00f5ppkiirust. Teenuse tellimiseks lisage see toode ostukorvi ja vormistage ost, siis saatke mootor meile (\u00fcksk\u00f5ik millisesse j\u00f5geva pakiautomaati v\u00f5i kulleriga meie poe aadressile) Kontaktandmed saate Siit T\u00f6\u00f6 [&hellip;]","og_url":"https:\/\/pood.motorott.ee\/vana\/product\/hiina-vorri-mootori-laagrite-vahetus\/","og_site_name":"Motorott","article_modified_time":"2024-06-11T08:47:54+00:00","og_image":[{"width":1280,"height":854,"url":"https:\/\/pood.motorott.ee\/vana\/wp-content\/uploads\/2024\/06\/ENGJL-BT-CCB__01241.jpg","type":"image\/jpeg"}],"twitter_card":"summary_large_image","twitter_misc":{"Est. reading time":"1 minut"},"schema":{"@context":"https:\/\/schema.org","@graph":[{"@type":"WebPage","@id":"https:\/\/pood.motorott.ee\/vana\/product\/hiina-vorri-mootori-laagrite-vahetus\/","url":"https:\/\/pood.motorott.ee\/vana\/product\/hiina-vorri-mootori-laagrite-vahetus\/","name":"Hiina V\u00f5rri mootori laagrite vahetus - Motorott","isPartOf":{"@id":"https:\/\/pood.motorott.ee\/vana\/#website"},"primaryImageOfPage":{"@id":"https:\/\/pood.motorott.ee\/vana\/product\/hiina-vorri-mootori-laagrite-vahetus\/#primaryimage"},"image":{"@id":"https:\/\/pood.motorott.ee\/vana\/product\/hiina-vorri-mootori-laagrite-vahetus\/#primaryimage"},"thumbnailUrl":"https:\/\/pood.motorott.ee\/vana\/wp-content\/uploads\/2024\/06\/ENGJL-BT-CCB__01241.jpg","datePublished":"2024-06-11T08:14:09+00:00","dateModified":"2024-06-11T08:47:54+00:00","breadcrumb":{"@id":"https:\/\/pood.motorott.ee\/vana\/product\/hiina-vorri-mootori-laagrite-vahetus\/#breadcrumb"},"inLanguage":"et","potentialAction":[{"@type":"ReadAction","target":["https:\/\/pood.motorott.ee\/vana\/product\/hiina-vorri-mootori-laagrite-vahetus\/"]}]},{"@type":"ImageObject","inLanguage":"et","@id":"https:\/\/pood.motorott.ee\/vana\/product\/hiina-vorri-mootori-laagrite-vahetus\/#primaryimage","url":"https:\/\/pood.motorott.ee\/vana\/wp-content\/uploads\/2024\/06\/ENGJL-BT-CCB__01241.jpg","contentUrl":"https:\/\/pood.motorott.ee\/vana\/wp-content\/uploads\/2024\/06\/ENGJL-BT-CCB__01241.jpg","width":1280,"height":854},{"@type":"BreadcrumbList","@id":"https:\/\/pood.motorott.ee\/vana\/product\/hiina-vorri-mootori-laagrite-vahetus\/#breadcrumb","itemListElement":[{"@type":"ListItem","position":1,"name":"Kodu","item":"https:\/\/pood.motorott.ee\/vana\/"},{"@type":"ListItem","position":2,"name":"Pood","item":"https:\/\/pood.motorott.ee\/vana\/pood\/"},{"@type":"ListItem","position":3,"name":"Hiina V\u00f5rri mootori laagrite vahetus"}]},{"@type":"WebSite","@id":"https:\/\/pood.motorott.ee\/vana\/#website","url":"https:\/\/pood.motorott.ee\/vana\/","name":"Motorott","description":"Mototehnika ja varustus","publisher":{"@id":"https:\/\/pood.motorott.ee\/vana\/#organization"},"potentialAction":[{"@type":"SearchAction","target":{"@type":"EntryPoint","urlTemplate":"https:\/\/pood.motorott.ee\/vana\/?s={search_term_string}"},"query-input":{"@type":"PropertyValueSpecification","valueRequired":true,"valueName":"search_term_string"}}],"inLanguage":"et"},{"@type":"Organization","@id":"https:\/\/pood.motorott.ee\/vana\/#organization","name":"Motorott","url":"https:\/\/pood.motorott.ee\/vana\/","logo":{"@type":"ImageObject","inLanguage":"et","@id":"https:\/\/pood.motorott.ee\/vana\/#\/schema\/logo\/image\/","url":"https:\/\/pood.motorott.ee\/vana\/wp-content\/uploads\/2020\/12\/cropped-logo-80-1.png","contentUrl":"https:\/\/pood.motorott.ee\/vana\/wp-content\/uploads\/2020\/12\/cropped-logo-80-1.png","width":172,"height":80,"caption":"Motorott"},"image":{"@id":"https:\/\/pood.motorott.ee\/vana\/#\/schema\/logo\/image\/"}}]}},"_links":{"self":[{"href":"https:\/\/pood.motorott.ee\/vana\/wp-json\/wp\/v2\/product\/2807","targetHints":{"allow":["GET"]}}],"collection":[{"href":"https:\/\/pood.motorott.ee\/vana\/wp-json\/wp\/v2\/product"}],"about":[{"href":"https:\/\/pood.motorott.ee\/vana\/wp-json\/wp\/v2\/types\/product"}],"replies":[{"embeddable":true,"href":"https:\/\/pood.motorott.ee\/vana\/wp-json\/wp\/v2\/comments?post=2807"}],"wp:featuredmedia":[{"embeddable":true,"href":"https:\/\/pood.motorott.ee\/vana\/wp-json\/wp\/v2\/media\/2808"}],"wp:attachment":[{"href":"https:\/\/pood.motorott.ee\/vana\/wp-json\/wp\/v2\/media?parent=2807"}],"wp:term":[{"taxonomy":"product_cat","embeddable":true,"href":"https:\/\/pood.motorott.ee\/vana\/wp-json\/wp\/v2\/product_cat?post=2807"},{"taxonomy":"product_tag","embeddable":true,"href":"https:\/\/pood.motorott.ee\/vana\/wp-json\/wp\/v2\/product_tag?post=2807"}],"curies":[{"name":"wp","href":"https:\/\/api.w.org\/{rel}","templated":true}]}}