{"id":2862,"date":"2024-07-22T10:16:56","date_gmt":"2024-07-22T08:16:56","guid":{"rendered":"https:\/\/pood.motorott.ee\/vana\/?post_type=product&#038;p=2862"},"modified":"2024-07-27T09:24:52","modified_gmt":"2024-07-27T07:24:52","slug":"laste-krossimootorratas-90cm%c2%b3-11-10","status":"publish","type":"product","link":"https:\/\/pood.motorott.ee\/vana\/product\/laste-krossimootorratas-90cm%c2%b3-11-10\/","title":{"rendered":"Laste krossimootorratas 90CM\u00b3 12&#8243;\/10&#8243;"},"content":{"rendered":"<p style=\"font-weight: 300;\"><strong>Tehnilised andmed<\/strong><\/p>\n<p style=\"font-weight: 300;\"><strong>Mootor:<\/strong><\/p>\n<p style=\"font-weight: 300;\">Kubatuur &#8211; 90 cm3;<\/p>\n<p style=\"font-weight: 300;\">Silinder &#8211; vertikaalne 4T,<\/p>\n<p style=\"font-weight: 300;\">Jahutus &#8211; \u00d5hk;<\/p>\n<p style=\"font-weight: 300;\">Starter &#8211; Elektriline, Jalg;<\/p>\n<p style=\"font-weight: 300;\">K\u00e4igukast &#8211; automaat, 4 k\u00e4iku<\/p>\n<p style=\"font-weight: 300;\"><strong>M\u00f5\u00f5tmed:<\/strong><\/p>\n<p style=\"font-weight: 300;\">Pikkus &#8211; 1410 mm;<\/p>\n<p style=\"font-weight: 300;\">K\u00f5rgus &#8211; 680 mm;<\/p>\n<p style=\"font-weight: 300;\">Laius &#8211; 710 mm;<\/p>\n<p style=\"font-weight: 300;\">Istme k\u00f5rgus &#8211; 610 mm;<\/p>\n<p style=\"font-weight: 300;\">Kaal &#8211; 54 kg.<\/p>\n<p style=\"font-weight: 300;\"><strong>Veljed:<\/strong><\/p>\n<p style=\"font-weight: 300;\">Esi velg &#8211; 3.00-12;<\/p>\n<p style=\"font-weight: 300;\">Taga velg &#8211; 2.50-10;<\/p>\n<p style=\"font-weight: 300;\">Ees ja taga ketaspidurid.<\/p>\n<p style=\"font-weight: 300;\"><strong>OTHER PARAMETERS:<\/strong><\/p>\n<p style=\"font-weight: 300;\">K\u00fctusepaak 3 l;<\/p>\n","protected":false},"excerpt":{"rendered":"<p>Tehnilised andmed Mootor: Kubatuur &#8211; 90 cm3; Silinder &#8211; vertikaalne 4T, Jahutus &#8211; \u00d5hk; Starter &#8211; Elektriline, Jalg; K\u00e4igukast &#8211; automaat, 4 k\u00e4iku M\u00f5\u00f5tmed: Pikkus &#8211; 1410 mm; K\u00f5rgus &#8211; 680 mm; Laius &#8211; 710 mm; Istme k\u00f5rgus &#8211; 610 mm; Kaal &#8211; 54 kg. Veljed: Esi velg &#8211; 3.00-12; Taga velg &#8211; 2.50-10; Ees [&hellip;]<\/p>\n","protected":false},"featured_media":2863,"comment_status":"open","ping_status":"closed","template":"","meta":{"om_disable_all_campaigns":false,"_exactmetrics_skip_tracking":false,"_exactmetrics_sitenote_active":false,"_exactmetrics_sitenote_note":"","_exactmetrics_sitenote_category":0,"_uf_show_specific_survey":0,"_uf_disable_surveys":false},"product_cat":[99,97],"product_tag":[],"class_list":{"0":"post-2862","1":"product","2":"type-product","3":"status-publish","4":"has-post-thumbnail","6":"product_cat-soidukid-lastele","7":"product_cat-soidukid","9":"first","10":"onbackorder","11":"taxable","12":"shipping-taxable","13":"purchasable","14":"product-type-simple"},"yoast_head":"<!-- This site is optimized with the Yoast SEO plugin v24.2 - https:\/\/yoast.com\/wordpress\/plugins\/seo\/ -->\n<title>Laste krossimootorratas 90CM\u00b3 12&quot;\/10&quot; - Motorott<\/title>\n<meta name=\"robots\" content=\"index, follow, max-snippet:-1, max-image-preview:large, max-video-preview:-1\" \/>\n<link rel=\"canonical\" href=\"https:\/\/pood.motorott.ee\/vana\/product\/laste-krossimootorratas-90cm\u00b3-11-10\/\" \/>\n<meta property=\"og:locale\" content=\"et_EE\" \/>\n<meta property=\"og:type\" content=\"article\" \/>\n<meta property=\"og:title\" content=\"Laste krossimootorratas 90CM\u00b3 12&quot;\/10&quot; - Motorott\" \/>\n<meta property=\"og:description\" content=\"Tehnilised andmed Mootor: Kubatuur &#8211; 90 cm3; Silinder &#8211; vertikaalne 4T, Jahutus &#8211; \u00d5hk; Starter &#8211; Elektriline, Jalg; K\u00e4igukast &#8211; automaat, 4 k\u00e4iku M\u00f5\u00f5tmed: Pikkus &#8211; 1410 mm; K\u00f5rgus &#8211; 680 mm; Laius &#8211; 710 mm; Istme k\u00f5rgus &#8211; 610 mm; Kaal &#8211; 54 kg. Veljed: Esi velg &#8211; 3.00-12; Taga velg &#8211; 2.50-10; Ees [&hellip;]\" \/>\n<meta property=\"og:url\" content=\"https:\/\/pood.motorott.ee\/vana\/product\/laste-krossimootorratas-90cm\u00b3-11-10\/\" \/>\n<meta property=\"og:site_name\" content=\"Motorott\" \/>\n<meta property=\"article:modified_time\" content=\"2024-07-27T07:24:52+00:00\" \/>\n<meta property=\"og:image\" content=\"https:\/\/pood.motorott.ee\/vana\/wp-content\/uploads\/2024\/07\/krosini.webp\" \/>\n\t<meta property=\"og:image:width\" content=\"1410\" \/>\n\t<meta property=\"og:image:height\" content=\"1000\" \/>\n\t<meta property=\"og:image:type\" content=\"image\/webp\" \/>\n<meta name=\"twitter:card\" content=\"summary_large_image\" \/>\n<meta name=\"twitter:label1\" content=\"Est. reading time\" \/>\n\t<meta name=\"twitter:data1\" content=\"1 minut\" \/>\n<script type=\"application\/ld+json\" class=\"yoast-schema-graph\">{\"@context\":\"https:\/\/schema.org\",\"@graph\":[{\"@type\":\"WebPage\",\"@id\":\"https:\/\/pood.motorott.ee\/vana\/product\/laste-krossimootorratas-90cm%c2%b3-11-10\/\",\"url\":\"https:\/\/pood.motorott.ee\/vana\/product\/laste-krossimootorratas-90cm%c2%b3-11-10\/\",\"name\":\"Laste krossimootorratas 90CM\u00b3 12\\\"\/10\\\" - Motorott\",\"isPartOf\":{\"@id\":\"https:\/\/pood.motorott.ee\/vana\/#website\"},\"primaryImageOfPage\":{\"@id\":\"https:\/\/pood.motorott.ee\/vana\/product\/laste-krossimootorratas-90cm%c2%b3-11-10\/#primaryimage\"},\"image\":{\"@id\":\"https:\/\/pood.motorott.ee\/vana\/product\/laste-krossimootorratas-90cm%c2%b3-11-10\/#primaryimage\"},\"thumbnailUrl\":\"https:\/\/pood.motorott.ee\/vana\/wp-content\/uploads\/2024\/07\/krosini.webp\",\"datePublished\":\"2024-07-22T08:16:56+00:00\",\"dateModified\":\"2024-07-27T07:24:52+00:00\",\"breadcrumb\":{\"@id\":\"https:\/\/pood.motorott.ee\/vana\/product\/laste-krossimootorratas-90cm%c2%b3-11-10\/#breadcrumb\"},\"inLanguage\":\"et\",\"potentialAction\":[{\"@type\":\"ReadAction\",\"target\":[\"https:\/\/pood.motorott.ee\/vana\/product\/laste-krossimootorratas-90cm%c2%b3-11-10\/\"]}]},{\"@type\":\"ImageObject\",\"inLanguage\":\"et\",\"@id\":\"https:\/\/pood.motorott.ee\/vana\/product\/laste-krossimootorratas-90cm%c2%b3-11-10\/#primaryimage\",\"url\":\"https:\/\/pood.motorott.ee\/vana\/wp-content\/uploads\/2024\/07\/krosini.webp\",\"contentUrl\":\"https:\/\/pood.motorott.ee\/vana\/wp-content\/uploads\/2024\/07\/krosini.webp\",\"width\":1410,\"height\":1000},{\"@type\":\"BreadcrumbList\",\"@id\":\"https:\/\/pood.motorott.ee\/vana\/product\/laste-krossimootorratas-90cm%c2%b3-11-10\/#breadcrumb\",\"itemListElement\":[{\"@type\":\"ListItem\",\"position\":1,\"name\":\"Kodu\",\"item\":\"https:\/\/pood.motorott.ee\/vana\/\"},{\"@type\":\"ListItem\",\"position\":2,\"name\":\"Pood\",\"item\":\"https:\/\/pood.motorott.ee\/vana\/pood\/\"},{\"@type\":\"ListItem\",\"position\":3,\"name\":\"Laste krossimootorratas 90CM\u00b3 12&#8243;\/10&#8243;\"}]},{\"@type\":\"WebSite\",\"@id\":\"https:\/\/pood.motorott.ee\/vana\/#website\",\"url\":\"https:\/\/pood.motorott.ee\/vana\/\",\"name\":\"Motorott\",\"description\":\"Mototehnika ja varustus\",\"publisher\":{\"@id\":\"https:\/\/pood.motorott.ee\/vana\/#organization\"},\"potentialAction\":[{\"@type\":\"SearchAction\",\"target\":{\"@type\":\"EntryPoint\",\"urlTemplate\":\"https:\/\/pood.motorott.ee\/vana\/?s={search_term_string}\"},\"query-input\":{\"@type\":\"PropertyValueSpecification\",\"valueRequired\":true,\"valueName\":\"search_term_string\"}}],\"inLanguage\":\"et\"},{\"@type\":\"Organization\",\"@id\":\"https:\/\/pood.motorott.ee\/vana\/#organization\",\"name\":\"Motorott\",\"url\":\"https:\/\/pood.motorott.ee\/vana\/\",\"logo\":{\"@type\":\"ImageObject\",\"inLanguage\":\"et\",\"@id\":\"https:\/\/pood.motorott.ee\/vana\/#\/schema\/logo\/image\/\",\"url\":\"https:\/\/pood.motorott.ee\/vana\/wp-content\/uploads\/2020\/12\/cropped-logo-80-1.png\",\"contentUrl\":\"https:\/\/pood.motorott.ee\/vana\/wp-content\/uploads\/2020\/12\/cropped-logo-80-1.png\",\"width\":172,\"height\":80,\"caption\":\"Motorott\"},\"image\":{\"@id\":\"https:\/\/pood.motorott.ee\/vana\/#\/schema\/logo\/image\/\"}}]}<\/script>\n<!-- \/ Yoast SEO plugin. -->","yoast_head_json":{"title":"Laste krossimootorratas 90CM\u00b3 12\"\/10\" - Motorott","robots":{"index":"index","follow":"follow","max-snippet":"max-snippet:-1","max-image-preview":"max-image-preview:large","max-video-preview":"max-video-preview:-1"},"canonical":"https:\/\/pood.motorott.ee\/vana\/product\/laste-krossimootorratas-90cm\u00b3-11-10\/","og_locale":"et_EE","og_type":"article","og_title":"Laste krossimootorratas 90CM\u00b3 12\"\/10\" - Motorott","og_description":"Tehnilised andmed Mootor: Kubatuur &#8211; 90 cm3; Silinder &#8211; vertikaalne 4T, Jahutus &#8211; \u00d5hk; Starter &#8211; Elektriline, Jalg; K\u00e4igukast &#8211; automaat, 4 k\u00e4iku M\u00f5\u00f5tmed: Pikkus &#8211; 1410 mm; K\u00f5rgus &#8211; 680 mm; Laius &#8211; 710 mm; Istme k\u00f5rgus &#8211; 610 mm; Kaal &#8211; 54 kg. Veljed: Esi velg &#8211; 3.00-12; Taga velg &#8211; 2.50-10; Ees [&hellip;]","og_url":"https:\/\/pood.motorott.ee\/vana\/product\/laste-krossimootorratas-90cm\u00b3-11-10\/","og_site_name":"Motorott","article_modified_time":"2024-07-27T07:24:52+00:00","og_image":[{"width":1410,"height":1000,"url":"https:\/\/pood.motorott.ee\/vana\/wp-content\/uploads\/2024\/07\/krosini.webp","type":"image\/webp"}],"twitter_card":"summary_large_image","twitter_misc":{"Est. reading time":"1 minut"},"schema":{"@context":"https:\/\/schema.org","@graph":[{"@type":"WebPage","@id":"https:\/\/pood.motorott.ee\/vana\/product\/laste-krossimootorratas-90cm%c2%b3-11-10\/","url":"https:\/\/pood.motorott.ee\/vana\/product\/laste-krossimootorratas-90cm%c2%b3-11-10\/","name":"Laste krossimootorratas 90CM\u00b3 12\"\/10\" - Motorott","isPartOf":{"@id":"https:\/\/pood.motorott.ee\/vana\/#website"},"primaryImageOfPage":{"@id":"https:\/\/pood.motorott.ee\/vana\/product\/laste-krossimootorratas-90cm%c2%b3-11-10\/#primaryimage"},"image":{"@id":"https:\/\/pood.motorott.ee\/vana\/product\/laste-krossimootorratas-90cm%c2%b3-11-10\/#primaryimage"},"thumbnailUrl":"https:\/\/pood.motorott.ee\/vana\/wp-content\/uploads\/2024\/07\/krosini.webp","datePublished":"2024-07-22T08:16:56+00:00","dateModified":"2024-07-27T07:24:52+00:00","breadcrumb":{"@id":"https:\/\/pood.motorott.ee\/vana\/product\/laste-krossimootorratas-90cm%c2%b3-11-10\/#breadcrumb"},"inLanguage":"et","potentialAction":[{"@type":"ReadAction","target":["https:\/\/pood.motorott.ee\/vana\/product\/laste-krossimootorratas-90cm%c2%b3-11-10\/"]}]},{"@type":"ImageObject","inLanguage":"et","@id":"https:\/\/pood.motorott.ee\/vana\/product\/laste-krossimootorratas-90cm%c2%b3-11-10\/#primaryimage","url":"https:\/\/pood.motorott.ee\/vana\/wp-content\/uploads\/2024\/07\/krosini.webp","contentUrl":"https:\/\/pood.motorott.ee\/vana\/wp-content\/uploads\/2024\/07\/krosini.webp","width":1410,"height":1000},{"@type":"BreadcrumbList","@id":"https:\/\/pood.motorott.ee\/vana\/product\/laste-krossimootorratas-90cm%c2%b3-11-10\/#breadcrumb","itemListElement":[{"@type":"ListItem","position":1,"name":"Kodu","item":"https:\/\/pood.motorott.ee\/vana\/"},{"@type":"ListItem","position":2,"name":"Pood","item":"https:\/\/pood.motorott.ee\/vana\/pood\/"},{"@type":"ListItem","position":3,"name":"Laste krossimootorratas 90CM\u00b3 12&#8243;\/10&#8243;"}]},{"@type":"WebSite","@id":"https:\/\/pood.motorott.ee\/vana\/#website","url":"https:\/\/pood.motorott.ee\/vana\/","name":"Motorott","description":"Mototehnika ja varustus","publisher":{"@id":"https:\/\/pood.motorott.ee\/vana\/#organization"},"potentialAction":[{"@type":"SearchAction","target":{"@type":"EntryPoint","urlTemplate":"https:\/\/pood.motorott.ee\/vana\/?s={search_term_string}"},"query-input":{"@type":"PropertyValueSpecification","valueRequired":true,"valueName":"search_term_string"}}],"inLanguage":"et"},{"@type":"Organization","@id":"https:\/\/pood.motorott.ee\/vana\/#organization","name":"Motorott","url":"https:\/\/pood.motorott.ee\/vana\/","logo":{"@type":"ImageObject","inLanguage":"et","@id":"https:\/\/pood.motorott.ee\/vana\/#\/schema\/logo\/image\/","url":"https:\/\/pood.motorott.ee\/vana\/wp-content\/uploads\/2020\/12\/cropped-logo-80-1.png","contentUrl":"https:\/\/pood.motorott.ee\/vana\/wp-content\/uploads\/2020\/12\/cropped-logo-80-1.png","width":172,"height":80,"caption":"Motorott"},"image":{"@id":"https:\/\/pood.motorott.ee\/vana\/#\/schema\/logo\/image\/"}}]}},"_links":{"self":[{"href":"https:\/\/pood.motorott.ee\/vana\/wp-json\/wp\/v2\/product\/2862","targetHints":{"allow":["GET"]}}],"collection":[{"href":"https:\/\/pood.motorott.ee\/vana\/wp-json\/wp\/v2\/product"}],"about":[{"href":"https:\/\/pood.motorott.ee\/vana\/wp-json\/wp\/v2\/types\/product"}],"replies":[{"embeddable":true,"href":"https:\/\/pood.motorott.ee\/vana\/wp-json\/wp\/v2\/comments?post=2862"}],"wp:featuredmedia":[{"embeddable":true,"href":"https:\/\/pood.motorott.ee\/vana\/wp-json\/wp\/v2\/media\/2863"}],"wp:attachment":[{"href":"https:\/\/pood.motorott.ee\/vana\/wp-json\/wp\/v2\/media?parent=2862"}],"wp:term":[{"taxonomy":"product_cat","embeddable":true,"href":"https:\/\/pood.motorott.ee\/vana\/wp-json\/wp\/v2\/product_cat?post=2862"},{"taxonomy":"product_tag","embeddable":true,"href":"https:\/\/pood.motorott.ee\/vana\/wp-json\/wp\/v2\/product_tag?post=2862"}],"curies":[{"name":"wp","href":"https:\/\/api.w.org\/{rel}","templated":true}]}}