{"id":2975,"date":"2024-10-09T12:22:02","date_gmt":"2024-10-09T10:22:02","guid":{"rendered":"https:\/\/pood.motorott.ee\/vana\/?post_type=product&#038;p=2975"},"modified":"2024-10-09T12:26:16","modified_gmt":"2024-10-09T10:26:16","slug":"webasto-diiselsoojendi","status":"publish","type":"product","link":"https:\/\/pood.motorott.ee\/vana\/product\/webasto-diiselsoojendi\/","title":{"rendered":"Webasto, diiselsoojendi 8kw"},"content":{"rendered":"<p>Diisel \u00f5husoojendi millega saab soojendada \u00f5hku k\u00f5ikides s\u00f5idukites, haagistel,<br \/>\naga ka ehitus- ja p\u00f5llumajandusmasinate, paatide, laevade ja jahtide kajutites.<br \/>\nSee k\u00fcttekeha sobib suurep\u00e4raselt ka garaasi, t\u00f6\u00f6koja v\u00f5i laoruumi, ning<br \/>\nhaagiste ja konteinerite soojendamiseks ehitusplatsidel.<br \/>\nKerise elektris\u00fcsteemid ja komponendid saavad toidet 12V; 24V DC v\u00f5i 230V AC.<br \/>\nVarustatud analoogjuhtpaneeliga<br \/>\nKompaktne, lihtne transportida, ei v\u00f5ta palju ruumi<br \/>\nK\u00f5rge termiline efektiivsus<br \/>\nWEBASTO s\u00e4\u00e4stab elektrit ja k\u00fctust<br \/>\nLihtne paigaldada<\/p>\n<h1><span>Tehnilised andmed:<\/span><\/h1>\n<ul>\n<li><span>V\u00f5imsus:\u00a0 <\/span><strong><span>8 kW<\/span><\/strong><\/li>\n<li><span>K\u00fctus:\u00a0 <\/span><strong><span>diisel<\/span><\/strong><\/li>\n<li><span>Juhtpuldi toide:\u00a0 <\/span><strong><span>12V; 24V DC + 230V AC<\/span><\/strong><\/li>\n<li><span>Paak:\u00a0 <\/span><strong><span>5 L<\/span><\/strong><\/li>\n<li><span>T\u00f6\u00f6 temperatuur:\u00a0 <\/span><strong><span>-40\u00b0 &#8211; +50\u00b0<\/span><\/strong><\/li>\n<li><span>Kaal:\u00a0 <\/span><strong><span>9.1 kg<\/span><\/strong><\/li>\n<\/ul>\n<p>&nbsp;<\/p>\n","protected":false},"excerpt":{"rendered":"<p>Diisel \u00f5husoojendi millega saab soojendada \u00f5hku k\u00f5ikides s\u00f5idukites, haagistel, aga ka ehitus- ja p\u00f5llumajandusmasinate, paatide, laevade ja jahtide kajutites. See k\u00fcttekeha sobib suurep\u00e4raselt ka garaasi, t\u00f6\u00f6koja v\u00f5i laoruumi, ning haagiste ja konteinerite soojendamiseks ehitusplatsidel. Kerise elektris\u00fcsteemid ja komponendid saavad toidet 12V; 24V DC v\u00f5i 230V AC. Varustatud analoogjuhtpaneeliga Kompaktne, lihtne transportida, ei v\u00f5ta palju ruumi [&hellip;]<\/p>\n","protected":false},"featured_media":2965,"comment_status":"open","ping_status":"closed","template":"","meta":{"om_disable_all_campaigns":false,"_exactmetrics_skip_tracking":false,"_exactmetrics_sitenote_active":false,"_exactmetrics_sitenote_note":"","_exactmetrics_sitenote_category":0,"_uf_show_specific_survey":0,"_uf_disable_surveys":false},"product_cat":[361],"product_tag":[],"class_list":{"0":"post-2975","1":"product","2":"type-product","3":"status-publish","4":"has-post-thumbnail","6":"product_cat-garaas-kodu-ja-aed","8":"first","9":"instock","10":"taxable","11":"shipping-taxable","12":"purchasable","13":"product-type-simple"},"yoast_head":"<!-- This site is optimized with the Yoast SEO plugin v24.2 - https:\/\/yoast.com\/wordpress\/plugins\/seo\/ -->\n<title>Webasto, diiselsoojendi 8kw - Motorott<\/title>\n<meta name=\"robots\" content=\"index, follow, max-snippet:-1, max-image-preview:large, max-video-preview:-1\" \/>\n<link rel=\"canonical\" href=\"https:\/\/pood.motorott.ee\/vana\/product\/webasto-diiselsoojendi\/\" \/>\n<meta property=\"og:locale\" content=\"et_EE\" \/>\n<meta property=\"og:type\" content=\"article\" \/>\n<meta property=\"og:title\" content=\"Webasto, diiselsoojendi 8kw - Motorott\" \/>\n<meta property=\"og:description\" content=\"Diisel \u00f5husoojendi millega saab soojendada \u00f5hku k\u00f5ikides s\u00f5idukites, haagistel, aga ka ehitus- ja p\u00f5llumajandusmasinate, paatide, laevade ja jahtide kajutites. See k\u00fcttekeha sobib suurep\u00e4raselt ka garaasi, t\u00f6\u00f6koja v\u00f5i laoruumi, ning haagiste ja konteinerite soojendamiseks ehitusplatsidel. Kerise elektris\u00fcsteemid ja komponendid saavad toidet 12V; 24V DC v\u00f5i 230V AC. Varustatud analoogjuhtpaneeliga Kompaktne, lihtne transportida, ei v\u00f5ta palju ruumi [&hellip;]\" \/>\n<meta property=\"og:url\" content=\"https:\/\/pood.motorott.ee\/vana\/product\/webasto-diiselsoojendi\/\" \/>\n<meta property=\"og:site_name\" content=\"Motorott\" \/>\n<meta property=\"article:modified_time\" content=\"2024-10-09T10:26:16+00:00\" \/>\n<meta property=\"og:image\" content=\"https:\/\/pood.motorott.ee\/vana\/wp-content\/uploads\/2024\/10\/big_1.jpg\" \/>\n\t<meta property=\"og:image:width\" content=\"1000\" \/>\n\t<meta property=\"og:image:height\" content=\"852\" \/>\n\t<meta property=\"og:image:type\" content=\"image\/jpeg\" \/>\n<meta name=\"twitter:card\" content=\"summary_large_image\" \/>\n<meta name=\"twitter:label1\" content=\"Est. reading time\" \/>\n\t<meta name=\"twitter:data1\" content=\"1 minut\" \/>\n<script type=\"application\/ld+json\" class=\"yoast-schema-graph\">{\"@context\":\"https:\/\/schema.org\",\"@graph\":[{\"@type\":\"WebPage\",\"@id\":\"https:\/\/pood.motorott.ee\/vana\/product\/webasto-diiselsoojendi\/\",\"url\":\"https:\/\/pood.motorott.ee\/vana\/product\/webasto-diiselsoojendi\/\",\"name\":\"Webasto, diiselsoojendi 8kw - Motorott\",\"isPartOf\":{\"@id\":\"https:\/\/pood.motorott.ee\/vana\/#website\"},\"primaryImageOfPage\":{\"@id\":\"https:\/\/pood.motorott.ee\/vana\/product\/webasto-diiselsoojendi\/#primaryimage\"},\"image\":{\"@id\":\"https:\/\/pood.motorott.ee\/vana\/product\/webasto-diiselsoojendi\/#primaryimage\"},\"thumbnailUrl\":\"https:\/\/pood.motorott.ee\/vana\/wp-content\/uploads\/2024\/10\/big_1.jpg\",\"datePublished\":\"2024-10-09T10:22:02+00:00\",\"dateModified\":\"2024-10-09T10:26:16+00:00\",\"breadcrumb\":{\"@id\":\"https:\/\/pood.motorott.ee\/vana\/product\/webasto-diiselsoojendi\/#breadcrumb\"},\"inLanguage\":\"et\",\"potentialAction\":[{\"@type\":\"ReadAction\",\"target\":[\"https:\/\/pood.motorott.ee\/vana\/product\/webasto-diiselsoojendi\/\"]}]},{\"@type\":\"ImageObject\",\"inLanguage\":\"et\",\"@id\":\"https:\/\/pood.motorott.ee\/vana\/product\/webasto-diiselsoojendi\/#primaryimage\",\"url\":\"https:\/\/pood.motorott.ee\/vana\/wp-content\/uploads\/2024\/10\/big_1.jpg\",\"contentUrl\":\"https:\/\/pood.motorott.ee\/vana\/wp-content\/uploads\/2024\/10\/big_1.jpg\",\"width\":1000,\"height\":852},{\"@type\":\"BreadcrumbList\",\"@id\":\"https:\/\/pood.motorott.ee\/vana\/product\/webasto-diiselsoojendi\/#breadcrumb\",\"itemListElement\":[{\"@type\":\"ListItem\",\"position\":1,\"name\":\"Kodu\",\"item\":\"https:\/\/pood.motorott.ee\/vana\/\"},{\"@type\":\"ListItem\",\"position\":2,\"name\":\"Pood\",\"item\":\"https:\/\/pood.motorott.ee\/vana\/pood\/\"},{\"@type\":\"ListItem\",\"position\":3,\"name\":\"Webasto, diiselsoojendi 8kw\"}]},{\"@type\":\"WebSite\",\"@id\":\"https:\/\/pood.motorott.ee\/vana\/#website\",\"url\":\"https:\/\/pood.motorott.ee\/vana\/\",\"name\":\"Motorott\",\"description\":\"Mototehnika ja varustus\",\"publisher\":{\"@id\":\"https:\/\/pood.motorott.ee\/vana\/#organization\"},\"potentialAction\":[{\"@type\":\"SearchAction\",\"target\":{\"@type\":\"EntryPoint\",\"urlTemplate\":\"https:\/\/pood.motorott.ee\/vana\/?s={search_term_string}\"},\"query-input\":{\"@type\":\"PropertyValueSpecification\",\"valueRequired\":true,\"valueName\":\"search_term_string\"}}],\"inLanguage\":\"et\"},{\"@type\":\"Organization\",\"@id\":\"https:\/\/pood.motorott.ee\/vana\/#organization\",\"name\":\"Motorott\",\"url\":\"https:\/\/pood.motorott.ee\/vana\/\",\"logo\":{\"@type\":\"ImageObject\",\"inLanguage\":\"et\",\"@id\":\"https:\/\/pood.motorott.ee\/vana\/#\/schema\/logo\/image\/\",\"url\":\"https:\/\/pood.motorott.ee\/vana\/wp-content\/uploads\/2020\/12\/cropped-logo-80-1.png\",\"contentUrl\":\"https:\/\/pood.motorott.ee\/vana\/wp-content\/uploads\/2020\/12\/cropped-logo-80-1.png\",\"width\":172,\"height\":80,\"caption\":\"Motorott\"},\"image\":{\"@id\":\"https:\/\/pood.motorott.ee\/vana\/#\/schema\/logo\/image\/\"}}]}<\/script>\n<!-- \/ Yoast SEO plugin. -->","yoast_head_json":{"title":"Webasto, diiselsoojendi 8kw - Motorott","robots":{"index":"index","follow":"follow","max-snippet":"max-snippet:-1","max-image-preview":"max-image-preview:large","max-video-preview":"max-video-preview:-1"},"canonical":"https:\/\/pood.motorott.ee\/vana\/product\/webasto-diiselsoojendi\/","og_locale":"et_EE","og_type":"article","og_title":"Webasto, diiselsoojendi 8kw - Motorott","og_description":"Diisel \u00f5husoojendi millega saab soojendada \u00f5hku k\u00f5ikides s\u00f5idukites, haagistel, aga ka ehitus- ja p\u00f5llumajandusmasinate, paatide, laevade ja jahtide kajutites. See k\u00fcttekeha sobib suurep\u00e4raselt ka garaasi, t\u00f6\u00f6koja v\u00f5i laoruumi, ning haagiste ja konteinerite soojendamiseks ehitusplatsidel. Kerise elektris\u00fcsteemid ja komponendid saavad toidet 12V; 24V DC v\u00f5i 230V AC. Varustatud analoogjuhtpaneeliga Kompaktne, lihtne transportida, ei v\u00f5ta palju ruumi [&hellip;]","og_url":"https:\/\/pood.motorott.ee\/vana\/product\/webasto-diiselsoojendi\/","og_site_name":"Motorott","article_modified_time":"2024-10-09T10:26:16+00:00","og_image":[{"width":1000,"height":852,"url":"https:\/\/pood.motorott.ee\/vana\/wp-content\/uploads\/2024\/10\/big_1.jpg","type":"image\/jpeg"}],"twitter_card":"summary_large_image","twitter_misc":{"Est. reading time":"1 minut"},"schema":{"@context":"https:\/\/schema.org","@graph":[{"@type":"WebPage","@id":"https:\/\/pood.motorott.ee\/vana\/product\/webasto-diiselsoojendi\/","url":"https:\/\/pood.motorott.ee\/vana\/product\/webasto-diiselsoojendi\/","name":"Webasto, diiselsoojendi 8kw - Motorott","isPartOf":{"@id":"https:\/\/pood.motorott.ee\/vana\/#website"},"primaryImageOfPage":{"@id":"https:\/\/pood.motorott.ee\/vana\/product\/webasto-diiselsoojendi\/#primaryimage"},"image":{"@id":"https:\/\/pood.motorott.ee\/vana\/product\/webasto-diiselsoojendi\/#primaryimage"},"thumbnailUrl":"https:\/\/pood.motorott.ee\/vana\/wp-content\/uploads\/2024\/10\/big_1.jpg","datePublished":"2024-10-09T10:22:02+00:00","dateModified":"2024-10-09T10:26:16+00:00","breadcrumb":{"@id":"https:\/\/pood.motorott.ee\/vana\/product\/webasto-diiselsoojendi\/#breadcrumb"},"inLanguage":"et","potentialAction":[{"@type":"ReadAction","target":["https:\/\/pood.motorott.ee\/vana\/product\/webasto-diiselsoojendi\/"]}]},{"@type":"ImageObject","inLanguage":"et","@id":"https:\/\/pood.motorott.ee\/vana\/product\/webasto-diiselsoojendi\/#primaryimage","url":"https:\/\/pood.motorott.ee\/vana\/wp-content\/uploads\/2024\/10\/big_1.jpg","contentUrl":"https:\/\/pood.motorott.ee\/vana\/wp-content\/uploads\/2024\/10\/big_1.jpg","width":1000,"height":852},{"@type":"BreadcrumbList","@id":"https:\/\/pood.motorott.ee\/vana\/product\/webasto-diiselsoojendi\/#breadcrumb","itemListElement":[{"@type":"ListItem","position":1,"name":"Kodu","item":"https:\/\/pood.motorott.ee\/vana\/"},{"@type":"ListItem","position":2,"name":"Pood","item":"https:\/\/pood.motorott.ee\/vana\/pood\/"},{"@type":"ListItem","position":3,"name":"Webasto, diiselsoojendi 8kw"}]},{"@type":"WebSite","@id":"https:\/\/pood.motorott.ee\/vana\/#website","url":"https:\/\/pood.motorott.ee\/vana\/","name":"Motorott","description":"Mototehnika ja varustus","publisher":{"@id":"https:\/\/pood.motorott.ee\/vana\/#organization"},"potentialAction":[{"@type":"SearchAction","target":{"@type":"EntryPoint","urlTemplate":"https:\/\/pood.motorott.ee\/vana\/?s={search_term_string}"},"query-input":{"@type":"PropertyValueSpecification","valueRequired":true,"valueName":"search_term_string"}}],"inLanguage":"et"},{"@type":"Organization","@id":"https:\/\/pood.motorott.ee\/vana\/#organization","name":"Motorott","url":"https:\/\/pood.motorott.ee\/vana\/","logo":{"@type":"ImageObject","inLanguage":"et","@id":"https:\/\/pood.motorott.ee\/vana\/#\/schema\/logo\/image\/","url":"https:\/\/pood.motorott.ee\/vana\/wp-content\/uploads\/2020\/12\/cropped-logo-80-1.png","contentUrl":"https:\/\/pood.motorott.ee\/vana\/wp-content\/uploads\/2020\/12\/cropped-logo-80-1.png","width":172,"height":80,"caption":"Motorott"},"image":{"@id":"https:\/\/pood.motorott.ee\/vana\/#\/schema\/logo\/image\/"}}]}},"_links":{"self":[{"href":"https:\/\/pood.motorott.ee\/vana\/wp-json\/wp\/v2\/product\/2975","targetHints":{"allow":["GET"]}}],"collection":[{"href":"https:\/\/pood.motorott.ee\/vana\/wp-json\/wp\/v2\/product"}],"about":[{"href":"https:\/\/pood.motorott.ee\/vana\/wp-json\/wp\/v2\/types\/product"}],"replies":[{"embeddable":true,"href":"https:\/\/pood.motorott.ee\/vana\/wp-json\/wp\/v2\/comments?post=2975"}],"wp:featuredmedia":[{"embeddable":true,"href":"https:\/\/pood.motorott.ee\/vana\/wp-json\/wp\/v2\/media\/2965"}],"wp:attachment":[{"href":"https:\/\/pood.motorott.ee\/vana\/wp-json\/wp\/v2\/media?parent=2975"}],"wp:term":[{"taxonomy":"product_cat","embeddable":true,"href":"https:\/\/pood.motorott.ee\/vana\/wp-json\/wp\/v2\/product_cat?post=2975"},{"taxonomy":"product_tag","embeddable":true,"href":"https:\/\/pood.motorott.ee\/vana\/wp-json\/wp\/v2\/product_tag?post=2975"}],"curies":[{"name":"wp","href":"https:\/\/api.w.org\/{rel}","templated":true}]}}