{"id":979,"date":"2020-12-15T20:55:15","date_gmt":"2020-12-15T18:55:15","guid":{"rendered":"https:\/\/pood.motorott.ee\/vana\/?post_type=product&#038;p=979"},"modified":"2022-04-06T07:59:32","modified_gmt":"2022-04-06T05:59:32","slug":"mopeed-romet-ogar-202-50cc","status":"publish","type":"product","link":"https:\/\/pood.motorott.ee\/vana\/product\/mopeed-romet-ogar-202-50cc\/","title":{"rendered":"Mopeed Yngang Classic 50cc"},"content":{"rendered":"<pre id=\"tw-target-text\" class=\"tw-data-text tw-text-large XcVN5d tw-ta\" dir=\"ltr\" data-placeholder=\"T\u00f5lge\"><span lang=\"et\">Saadaval ka musta v\u00e4rvi.\r\nTuru odavaim kaubam\u00e4rgiga mopeed. T\u00f5estatud disain, usaldusv\u00e4\u00e4rne mootor, \u00f6konoomne ja elav. Ideaalne linna ja linnaliikluse jaoks.<\/span><\/pre>\n","protected":false},"excerpt":{"rendered":"<p>Saadaval ka musta v\u00e4rvi. Turu odavaim kaubam\u00e4rgiga mopeed. T\u00f5estatud disain, usaldusv\u00e4\u00e4rne mootor, \u00f6konoomne ja elav. Ideaalne linna ja linnaliikluse jaoks.<\/p>\n","protected":false},"featured_media":981,"comment_status":"open","ping_status":"closed","template":"","meta":{"om_disable_all_campaigns":false,"_exactmetrics_skip_tracking":false,"_exactmetrics_sitenote_active":false,"_exactmetrics_sitenote_note":"","_exactmetrics_sitenote_category":0,"_uf_show_specific_survey":0,"_uf_disable_surveys":false},"product_cat":[98,97],"product_tag":[],"class_list":{"0":"post-979","1":"product","2":"type-product","3":"status-publish","4":"has-post-thumbnail","6":"product_cat-mopeedid","7":"product_cat-soidukid","9":"first","10":"outofstock","11":"taxable","12":"shipping-taxable","13":"purchasable","14":"product-type-simple"},"yoast_head":"<!-- This site is optimized with the Yoast SEO plugin v24.2 - https:\/\/yoast.com\/wordpress\/plugins\/seo\/ -->\n<title>Mopeed Yngang Classic 50cc - Motorott<\/title>\n<meta name=\"robots\" content=\"index, follow, max-snippet:-1, max-image-preview:large, max-video-preview:-1\" \/>\n<link rel=\"canonical\" href=\"https:\/\/pood.motorott.ee\/vana\/product\/mopeed-romet-ogar-202-50cc\/\" \/>\n<meta property=\"og:locale\" content=\"et_EE\" \/>\n<meta property=\"og:type\" content=\"article\" \/>\n<meta property=\"og:title\" content=\"Mopeed Yngang Classic 50cc - Motorott\" \/>\n<meta property=\"og:description\" content=\"Saadaval ka musta v\u00e4rvi. Turu odavaim kaubam\u00e4rgiga mopeed. T\u00f5estatud disain, usaldusv\u00e4\u00e4rne mootor, \u00f6konoomne ja elav. Ideaalne linna ja linnaliikluse jaoks.\" \/>\n<meta property=\"og:url\" content=\"https:\/\/pood.motorott.ee\/vana\/product\/mopeed-romet-ogar-202-50cc\/\" \/>\n<meta property=\"og:site_name\" content=\"Motorott\" \/>\n<meta property=\"article:modified_time\" content=\"2022-04-06T05:59:32+00:00\" \/>\n<meta property=\"og:image\" content=\"https:\/\/pood.motorott.ee\/vana\/wp-content\/uploads\/2020\/12\/ogar1.jpg\" \/>\n\t<meta property=\"og:image:width\" content=\"960\" \/>\n\t<meta property=\"og:image:height\" content=\"720\" \/>\n\t<meta property=\"og:image:type\" content=\"image\/jpeg\" \/>\n<meta name=\"twitter:card\" content=\"summary_large_image\" \/>\n<meta name=\"twitter:label1\" content=\"Est. reading time\" \/>\n\t<meta name=\"twitter:data1\" content=\"1 minut\" \/>\n<script type=\"application\/ld+json\" class=\"yoast-schema-graph\">{\"@context\":\"https:\/\/schema.org\",\"@graph\":[{\"@type\":\"WebPage\",\"@id\":\"https:\/\/pood.motorott.ee\/vana\/product\/mopeed-romet-ogar-202-50cc\/\",\"url\":\"https:\/\/pood.motorott.ee\/vana\/product\/mopeed-romet-ogar-202-50cc\/\",\"name\":\"Mopeed Yngang Classic 50cc - Motorott\",\"isPartOf\":{\"@id\":\"https:\/\/pood.motorott.ee\/vana\/#website\"},\"primaryImageOfPage\":{\"@id\":\"https:\/\/pood.motorott.ee\/vana\/product\/mopeed-romet-ogar-202-50cc\/#primaryimage\"},\"image\":{\"@id\":\"https:\/\/pood.motorott.ee\/vana\/product\/mopeed-romet-ogar-202-50cc\/#primaryimage\"},\"thumbnailUrl\":\"https:\/\/pood.motorott.ee\/vana\/wp-content\/uploads\/2020\/12\/ogar1.jpg\",\"datePublished\":\"2020-12-15T18:55:15+00:00\",\"dateModified\":\"2022-04-06T05:59:32+00:00\",\"breadcrumb\":{\"@id\":\"https:\/\/pood.motorott.ee\/vana\/product\/mopeed-romet-ogar-202-50cc\/#breadcrumb\"},\"inLanguage\":\"et\",\"potentialAction\":[{\"@type\":\"ReadAction\",\"target\":[\"https:\/\/pood.motorott.ee\/vana\/product\/mopeed-romet-ogar-202-50cc\/\"]}]},{\"@type\":\"ImageObject\",\"inLanguage\":\"et\",\"@id\":\"https:\/\/pood.motorott.ee\/vana\/product\/mopeed-romet-ogar-202-50cc\/#primaryimage\",\"url\":\"https:\/\/pood.motorott.ee\/vana\/wp-content\/uploads\/2020\/12\/ogar1.jpg\",\"contentUrl\":\"https:\/\/pood.motorott.ee\/vana\/wp-content\/uploads\/2020\/12\/ogar1.jpg\",\"width\":960,\"height\":720},{\"@type\":\"BreadcrumbList\",\"@id\":\"https:\/\/pood.motorott.ee\/vana\/product\/mopeed-romet-ogar-202-50cc\/#breadcrumb\",\"itemListElement\":[{\"@type\":\"ListItem\",\"position\":1,\"name\":\"Kodu\",\"item\":\"https:\/\/pood.motorott.ee\/vana\/\"},{\"@type\":\"ListItem\",\"position\":2,\"name\":\"Pood\",\"item\":\"https:\/\/pood.motorott.ee\/vana\/pood\/\"},{\"@type\":\"ListItem\",\"position\":3,\"name\":\"Mopeed Yngang Classic 50cc\"}]},{\"@type\":\"WebSite\",\"@id\":\"https:\/\/pood.motorott.ee\/vana\/#website\",\"url\":\"https:\/\/pood.motorott.ee\/vana\/\",\"name\":\"Motorott\",\"description\":\"Mototehnika ja varustus\",\"publisher\":{\"@id\":\"https:\/\/pood.motorott.ee\/vana\/#organization\"},\"potentialAction\":[{\"@type\":\"SearchAction\",\"target\":{\"@type\":\"EntryPoint\",\"urlTemplate\":\"https:\/\/pood.motorott.ee\/vana\/?s={search_term_string}\"},\"query-input\":{\"@type\":\"PropertyValueSpecification\",\"valueRequired\":true,\"valueName\":\"search_term_string\"}}],\"inLanguage\":\"et\"},{\"@type\":\"Organization\",\"@id\":\"https:\/\/pood.motorott.ee\/vana\/#organization\",\"name\":\"Motorott\",\"url\":\"https:\/\/pood.motorott.ee\/vana\/\",\"logo\":{\"@type\":\"ImageObject\",\"inLanguage\":\"et\",\"@id\":\"https:\/\/pood.motorott.ee\/vana\/#\/schema\/logo\/image\/\",\"url\":\"https:\/\/pood.motorott.ee\/vana\/wp-content\/uploads\/2020\/12\/cropped-logo-80-1.png\",\"contentUrl\":\"https:\/\/pood.motorott.ee\/vana\/wp-content\/uploads\/2020\/12\/cropped-logo-80-1.png\",\"width\":172,\"height\":80,\"caption\":\"Motorott\"},\"image\":{\"@id\":\"https:\/\/pood.motorott.ee\/vana\/#\/schema\/logo\/image\/\"}}]}<\/script>\n<!-- \/ Yoast SEO plugin. -->","yoast_head_json":{"title":"Mopeed Yngang Classic 50cc - Motorott","robots":{"index":"index","follow":"follow","max-snippet":"max-snippet:-1","max-image-preview":"max-image-preview:large","max-video-preview":"max-video-preview:-1"},"canonical":"https:\/\/pood.motorott.ee\/vana\/product\/mopeed-romet-ogar-202-50cc\/","og_locale":"et_EE","og_type":"article","og_title":"Mopeed Yngang Classic 50cc - Motorott","og_description":"Saadaval ka musta v\u00e4rvi. Turu odavaim kaubam\u00e4rgiga mopeed. T\u00f5estatud disain, usaldusv\u00e4\u00e4rne mootor, \u00f6konoomne ja elav. Ideaalne linna ja linnaliikluse jaoks.","og_url":"https:\/\/pood.motorott.ee\/vana\/product\/mopeed-romet-ogar-202-50cc\/","og_site_name":"Motorott","article_modified_time":"2022-04-06T05:59:32+00:00","og_image":[{"width":960,"height":720,"url":"https:\/\/pood.motorott.ee\/vana\/wp-content\/uploads\/2020\/12\/ogar1.jpg","type":"image\/jpeg"}],"twitter_card":"summary_large_image","twitter_misc":{"Est. reading time":"1 minut"},"schema":{"@context":"https:\/\/schema.org","@graph":[{"@type":"WebPage","@id":"https:\/\/pood.motorott.ee\/vana\/product\/mopeed-romet-ogar-202-50cc\/","url":"https:\/\/pood.motorott.ee\/vana\/product\/mopeed-romet-ogar-202-50cc\/","name":"Mopeed Yngang Classic 50cc - Motorott","isPartOf":{"@id":"https:\/\/pood.motorott.ee\/vana\/#website"},"primaryImageOfPage":{"@id":"https:\/\/pood.motorott.ee\/vana\/product\/mopeed-romet-ogar-202-50cc\/#primaryimage"},"image":{"@id":"https:\/\/pood.motorott.ee\/vana\/product\/mopeed-romet-ogar-202-50cc\/#primaryimage"},"thumbnailUrl":"https:\/\/pood.motorott.ee\/vana\/wp-content\/uploads\/2020\/12\/ogar1.jpg","datePublished":"2020-12-15T18:55:15+00:00","dateModified":"2022-04-06T05:59:32+00:00","breadcrumb":{"@id":"https:\/\/pood.motorott.ee\/vana\/product\/mopeed-romet-ogar-202-50cc\/#breadcrumb"},"inLanguage":"et","potentialAction":[{"@type":"ReadAction","target":["https:\/\/pood.motorott.ee\/vana\/product\/mopeed-romet-ogar-202-50cc\/"]}]},{"@type":"ImageObject","inLanguage":"et","@id":"https:\/\/pood.motorott.ee\/vana\/product\/mopeed-romet-ogar-202-50cc\/#primaryimage","url":"https:\/\/pood.motorott.ee\/vana\/wp-content\/uploads\/2020\/12\/ogar1.jpg","contentUrl":"https:\/\/pood.motorott.ee\/vana\/wp-content\/uploads\/2020\/12\/ogar1.jpg","width":960,"height":720},{"@type":"BreadcrumbList","@id":"https:\/\/pood.motorott.ee\/vana\/product\/mopeed-romet-ogar-202-50cc\/#breadcrumb","itemListElement":[{"@type":"ListItem","position":1,"name":"Kodu","item":"https:\/\/pood.motorott.ee\/vana\/"},{"@type":"ListItem","position":2,"name":"Pood","item":"https:\/\/pood.motorott.ee\/vana\/pood\/"},{"@type":"ListItem","position":3,"name":"Mopeed Yngang Classic 50cc"}]},{"@type":"WebSite","@id":"https:\/\/pood.motorott.ee\/vana\/#website","url":"https:\/\/pood.motorott.ee\/vana\/","name":"Motorott","description":"Mototehnika ja varustus","publisher":{"@id":"https:\/\/pood.motorott.ee\/vana\/#organization"},"potentialAction":[{"@type":"SearchAction","target":{"@type":"EntryPoint","urlTemplate":"https:\/\/pood.motorott.ee\/vana\/?s={search_term_string}"},"query-input":{"@type":"PropertyValueSpecification","valueRequired":true,"valueName":"search_term_string"}}],"inLanguage":"et"},{"@type":"Organization","@id":"https:\/\/pood.motorott.ee\/vana\/#organization","name":"Motorott","url":"https:\/\/pood.motorott.ee\/vana\/","logo":{"@type":"ImageObject","inLanguage":"et","@id":"https:\/\/pood.motorott.ee\/vana\/#\/schema\/logo\/image\/","url":"https:\/\/pood.motorott.ee\/vana\/wp-content\/uploads\/2020\/12\/cropped-logo-80-1.png","contentUrl":"https:\/\/pood.motorott.ee\/vana\/wp-content\/uploads\/2020\/12\/cropped-logo-80-1.png","width":172,"height":80,"caption":"Motorott"},"image":{"@id":"https:\/\/pood.motorott.ee\/vana\/#\/schema\/logo\/image\/"}}]}},"_links":{"self":[{"href":"https:\/\/pood.motorott.ee\/vana\/wp-json\/wp\/v2\/product\/979","targetHints":{"allow":["GET"]}}],"collection":[{"href":"https:\/\/pood.motorott.ee\/vana\/wp-json\/wp\/v2\/product"}],"about":[{"href":"https:\/\/pood.motorott.ee\/vana\/wp-json\/wp\/v2\/types\/product"}],"replies":[{"embeddable":true,"href":"https:\/\/pood.motorott.ee\/vana\/wp-json\/wp\/v2\/comments?post=979"}],"wp:featuredmedia":[{"embeddable":true,"href":"https:\/\/pood.motorott.ee\/vana\/wp-json\/wp\/v2\/media\/981"}],"wp:attachment":[{"href":"https:\/\/pood.motorott.ee\/vana\/wp-json\/wp\/v2\/media?parent=979"}],"wp:term":[{"taxonomy":"product_cat","embeddable":true,"href":"https:\/\/pood.motorott.ee\/vana\/wp-json\/wp\/v2\/product_cat?post=979"},{"taxonomy":"product_tag","embeddable":true,"href":"https:\/\/pood.motorott.ee\/vana\/wp-json\/wp\/v2\/product_tag?post=979"}],"curies":[{"name":"wp","href":"https:\/\/api.w.org\/{rel}","templated":true}]}}